{"id":103,"date":"2008-01-04T15:25:04","date_gmt":"2008-01-04T14:25:04","guid":{"rendered":"http:\/\/mhm-muenster.de\/cms\/?page_id=103"},"modified":"2009-03-27T08:14:57","modified_gmt":"2009-03-27T07:14:57","slug":"senioren-galerien","status":"publish","type":"page","link":"http:\/\/www.mhm-muenster.de\/cms\/?page_id=103","title":{"rendered":"Senioren-Berichte"},"content":{"rendered":"<p style=\"text-align: justify;\">Juchhuuuu!!! Es geht weiter&#8230;<\/p>\n<p style=\"text-align: justify;\">Die n\u00e4chsten beiden Ausflugstermine f\u00fcr unsere &#8222;Landg\u00e4nge&#8220; stehen fest:<\/p>\n<p style=\"text-align: justify;\"><strong>19. Mai 2009 &#8211; vormittags<\/strong><\/p>\n<p style=\"text-align: justify;\"><strong>23. Juni 2009 &#8211; vormittags<\/strong><\/p>\n<p style=\"text-align: justify;\">Au\u00dferdem gibt es Angebot, dass besonders die \u00dc50\/\u00dc8 &#8211; Truppe jeden weiteren Dienstag nutzen kann.<\/p>\n<p style=\"text-align: justify;\">Das Training hat auch einen besonderen Namen: <strong>SPASS AM DIENSTAG<\/strong><\/p>\n<p style=\"text-align: justify;\">Es werden dabei \u00dcbungen aus dem Bereich Dog Dance, Trick Dog und Heelwork zusammen\u00a0mit anderen interessierten Hundebesitzern \u00a0trainiert. Voraussetzung ist gute Laune und ein auf den Clicker konditionierter\u00a0 Hund. Das Training \u00fcbernimmt Ulrike.<\/p>\n<p style=\"text-align: justify;\">*********<\/p>\n<p style=\"text-align: justify;\">Nun ist schon wieder ein Jahr vor\u00fcber, und wenn man die Terminplanung von 2008 ansieht, haben wir als Verein etwas Tolles geleistet: Regelm\u00e4\u00dfige Treffen unserer \u00dc50\/\u00dc8 &#8211; Truppe haben stattgefunden, kein Termin ist ausgefallen. Ulrike hat die Gruppe mit vielen tollen Ideen souver\u00e4n und freundlich durchs Jahr gef\u00fchrt. Sch\u00f6n w\u00e4re es, wenn es von eurer Seite aus mal einen Bericht zu den Trainings geben w\u00fcrde. Vielleicht \u00fcber eine Stunde, die euch besonders gut gefallen hat, vielleicht \u00fcber W\u00fcnsche, die ihr auf dem Herzen habt, Ausfl\u00fcge, die ihr wiederholen m\u00f6chtet, u. a.<\/p>\n<p style=\"text-align: justify;\">Aber nach einer tollen Zeit (Nichts l\u00e4\u00dft sich so einfach wiederholen), kommt nun auch eine kleine &#8222;Durststrecke&#8220;. Die Seniorenstunde wird vorerst ausgesetzt.<\/p>\n<p style=\"text-align: justify;\">Bei der Terminplanung f\u00fcr das 1. Vierteljahr 2009 haben wir schon bemerkt, dass es schwierig wird, passende Zeiten zu finden. Deswegen m\u00f6chten wir die Senioren bitten, wieder an den sonstigen\u00a0Trainingsangeboten teilzunehmen. Wir werden auch wieder Ausfl\u00fcge planen, allerdings erst nach der Zeitumstellung.<\/p>\n<p style=\"text-align: justify;\">Ulrike \u00fcbernimmt ab Januar die Anf\u00e4ngeraufbaustunde am Dienstagmorgen. Durch den regelm\u00e4\u00dfigen Einsatz bei den Welpen- und Junghundestunden, der Vorbereitung der Teilnehmer auf die interne Leistungskontrolle und Privates, ist nicht mehr Zeit \u00fcbrig geblieben, eine eigene Stunde f\u00fcr die \u00dc50\/\u00dc8 Teilnehmer zu erhalten. Zudem kommen nun Maria&amp;Cyra nicht mehr, Juno hat sich vom Training aus Altersgr\u00fcnden ab 2009 verabschiedet, ich kann arbeitstechnisch nicht mehr am Dienstagmorgen kommen&#8230;, wir sind deswegen recht Wenige und machen deswegen Platz f\u00fcr die AA&#8217;s.<\/p>\n<p style=\"text-align: justify;\">Ich hoffe, wir sehen uns auf der Nachtwanderung am 5.1.2009 &#8211; Ort wird noch bekanntgegeben!!!<\/p>\n<p style=\"text-align: justify;\">Ein gesundes 2009 und viel Spass mit euren Hunden w\u00fcnscht euch,<\/p>\n<p style=\"text-align: justify;\">Bettina<\/p>\n<p style=\"text-align: justify;\">\u00a0<\/p>\n","protected":false},"excerpt":{"rendered":"<p>Juchhuuuu!!! Es geht weiter&#8230; Die n\u00e4chsten beiden Ausflugstermine f\u00fcr unsere &#8222;Landg\u00e4nge&#8220; stehen fest: 19. Mai 2009 &#8211; vormittags 23. Juni 2009 &#8211; vormittags Au\u00dferdem gibt es Angebot, dass besonders die \u00dc50\/\u00dc8 &#8211; Truppe jeden weiteren Dienstag nutzen kann. Das Training hat auch einen besonderen Namen: SPASS AM DIENSTAG Es werden dabei \u00dcbungen aus dem Bereich [&hellip;]<\/p>\n","protected":false},"author":1,"featured_media":0,"parent":0,"menu_order":0,"comment_status":"open","ping_status":"open","template":"","meta":[],"_links":{"self":[{"href":"http:\/\/www.mhm-muenster.de\/cms\/index.php?rest_route=\/wp\/v2\/pages\/103"}],"collection":[{"href":"http:\/\/www.mhm-muenster.de\/cms\/index.php?rest_route=\/wp\/v2\/pages"}],"about":[{"href":"http:\/\/www.mhm-muenster.de\/cms\/index.php?rest_route=\/wp\/v2\/types\/page"}],"author":[{"embeddable":true,"href":"http:\/\/www.mhm-muenster.de\/cms\/index.php?rest_route=\/wp\/v2\/users\/1"}],"replies":[{"embeddable":true,"href":"http:\/\/www.mhm-muenster.de\/cms\/index.php?rest_route=%2Fwp%2Fv2%2Fcomments&post=103"}],"version-history":[{"count":7,"href":"http:\/\/www.mhm-muenster.de\/cms\/index.php?rest_route=\/wp\/v2\/pages\/103\/revisions"}],"predecessor-version":[{"id":2179,"href":"http:\/\/www.mhm-muenster.de\/cms\/index.php?rest_route=\/wp\/v2\/pages\/103\/revisions\/2179"}],"wp:attachment":[{"href":"http:\/\/www.mhm-muenster.de\/cms\/index.php?rest_route=%2Fwp%2Fv2%2Fmedia&parent=103"}],"curies":[{"name":"wp","href":"https:\/\/api.w.org\/{rel}","templated":true}]}}