{"id":10584,"date":"2014-11-13T19:38:22","date_gmt":"2014-11-13T18:38:22","guid":{"rendered":"http:\/\/www.mhm-muenster.de\/cms\/?page_id=10584"},"modified":"2016-10-31T15:13:55","modified_gmt":"2016-10-31T14:13:55","slug":"termine-2015","status":"publish","type":"page","link":"http:\/\/www.mhm-muenster.de\/cms\/?page_id=10584","title":{"rendered":"Termine 2016"},"content":{"rendered":"<p>Termine unserer Kreisgruppe findet ihr hier:\u00a0<a href=\"http:\/\/dvg-kg-hamm.jimdo.com\/termine\/pr\u00fcfungen\/\">Termine KG Hamm<\/a><\/p>\n<p><strong>Hier findet ihr die MHM Termine<\/strong> zusammen<strong> mit den wichtigsten Verbandsturnierterminen:<\/strong><\/p>\n<p>Auf der MV am 13.08.2015 abgesprochene Termine\u00a0und schon feststehende Verbandstermine\u00a0f\u00fcr 2016:<\/p>\n<p><span style=\"color: #800080;\">16. und 17. Januar DOG LIVE, Halle M\u00fcnsterland<\/span><\/p>\n<p><strong>14. Februar JHV LV Westfalen (?)<\/strong><\/p>\n<p><strong>24. Januar JHV Kreisgruppe Hamm, Unna K\u00f6nigsborn<\/strong><\/p>\n<p><span style=\"color: #008000;\"><strong>6. Februar &#8211; Agilityturnier MHM, Reithalle Sendenhorst, geteilt<\/strong><\/span><\/p>\n<p><span style=\"color: #008000;\"><strong>20. Februar &#8211; Agilityturnier MHM, Reithalle Sendenhorst<\/strong> &#8211; DVM M\u00fcnsterland 1. Lauf, geteiltes Turnier &#8211; morgens A1+A2 &#8211; 3 L\u00e4ufe, ab Mittags A3 3 L\u00c4ufe<\/span><\/p>\n<p><strong>17. M\u00e4rz JHV MHM<\/strong><\/p>\n<p><span style=\"color: #800080;\">19\/20. M\u00e4rz WM Qualis 1+2<br \/>\nAusrichter: DVG AC RUN-AS-ONE e. V., HAW L\u00fcbbecke<\/span><\/p>\n<p><strong>3. April JHV DVG<\/strong><\/p>\n<p><span style=\"color: #008000;\"><strong><a href=\"http:\/\/mhm-muenster.de\/cms\/?page_id=78&quot;\">23. April<\/a><\/strong><\/span>\u00a0<strong style=\"color: #008000;\">\u00a0Begleithundepr\u00fcfung<\/strong><\/p>\n<p><span style=\"color: #800080;\">9\/10. April WM Qualis 3+4<br \/>\n<span style=\"color: #800080;\">Ausrichter: DVG AC RUN-AS-ONE e. V., HAW L\u00fcbbecke<\/span><br \/>\n<\/span><\/p>\n<p><strong><span style=\"color: #ff00ff;\">1. Mai Jugendsportfest LV Westfalen<\/span><\/strong><\/p>\n<p>6. &#8211; 8. Mai &#8211; Dortmund Westfalenhalle Ausstellung und WM Qualis 2016 Finale<\/p>\n<p><span style=\"color: #800080;\"><strong><a href=\"http:\/\/www.mhm-muenster.de\/cms\/wp-content\/uploads\/2014\/11\/Plakat-LV-Meisterschaft-Agility-2016.pdf\">22. Mai<\/a><\/strong> LV Meisterschaft Agility <\/span><\/p>\n<p><span style=\"color: #0000ff;\">28\/29. Mai LV Obedience<\/span><\/p>\n<p><span style=\"color: #ff0000;\">11.\/12. LV Meisterschaft THS<\/span><\/p>\n<p><strong><span style=\"color: #ff6600;\"><a href=\"http:\/\/www.mhm-muenster.de\/cms\/wp-content\/uploads\/2015\/12\/Ausschreibung-RO.pdf\">25.Juni<\/a> Rally Obedience beim MHM<\/span><\/strong><\/p>\n<p><strong><span style=\"color: #008000;\"><a href=\"http:\/\/www.mhm-muenster.de\/cms\/wp-content\/uploads\/2014\/11\/kombiniert_datei.compressed.pdf\">26.Juni<\/a>\u00a0THS KREISTURNIER beim MHM<\/span><\/strong><\/p>\n<p><span style=\"color: #ff0000;\">22-24.\u00a0Juli BSP THS, Visselh\u00f6vede<\/span><\/p>\n<p><span style=\"color: #0000ff;\">30\/31.\u00a0Juli BSP Obedience wurde verlegt, LV Bayern<\/span><\/p>\n<p><strong><span style=\"color: #ff00ff;\">13.\/14. August Dt. Jugendsportfest DVG, Tagebau Hambach &#8211; Niederzier<\/span><\/strong><\/p>\n<p>1. Septemberwochenende, Dt \u00a0Vereinsmeisterschaft<\/p>\n<p><span style=\"color: #800080;\">10\/11. September BSP Agility, Bad Segeberg, Landesturnierplatz<\/span><\/p>\n<p><span style=\"color: #0000ff;\">17\/18. September KG Obedience Herringen<\/span><\/p>\n<p><span style=\"color: #008000;\"><strong>17. September Begleithundepr\u00fcfung MHN<\/strong><\/span><\/p>\n<p><strong><span style=\"color: #008000;\">24\/25.\u00a0September Agilityturnier MHM<\/span><\/strong><\/p>\n<p><strong>18. November Mitlgiederversammlung MHM 19:30 Uhr, Restaurant Kuschels<\/strong><\/p>\n<p><span style=\"color: #800080;\">10. Dezember VDH DM Agility Rieden\/Kreuth<\/span><\/p>\n","protected":false},"excerpt":{"rendered":"<p>Termine unserer Kreisgruppe findet ihr hier:\u00a0Termine KG Hamm Hier findet ihr die MHM Termine zusammen mit den wichtigsten Verbandsturnierterminen: Auf der MV am 13.08.2015 abgesprochene Termine\u00a0und schon feststehende Verbandstermine\u00a0f\u00fcr 2016: 16. und 17. Januar DOG LIVE, Halle M\u00fcnsterland 14. Februar JHV LV Westfalen (?) 24. Januar JHV Kreisgruppe Hamm, Unna K\u00f6nigsborn 6. Februar &#8211; Agilityturnier [&hellip;]<\/p>\n","protected":false},"author":11,"featured_media":0,"parent":0,"menu_order":0,"comment_status":"closed","ping_status":"open","template":"","meta":[],"_links":{"self":[{"href":"http:\/\/www.mhm-muenster.de\/cms\/index.php?rest_route=\/wp\/v2\/pages\/10584"}],"collection":[{"href":"http:\/\/www.mhm-muenster.de\/cms\/index.php?rest_route=\/wp\/v2\/pages"}],"about":[{"href":"http:\/\/www.mhm-muenster.de\/cms\/index.php?rest_route=\/wp\/v2\/types\/page"}],"author":[{"embeddable":true,"href":"http:\/\/www.mhm-muenster.de\/cms\/index.php?rest_route=\/wp\/v2\/users\/11"}],"replies":[{"embeddable":true,"href":"http:\/\/www.mhm-muenster.de\/cms\/index.php?rest_route=%2Fwp%2Fv2%2Fcomments&post=10584"}],"version-history":[{"count":27,"href":"http:\/\/www.mhm-muenster.de\/cms\/index.php?rest_route=\/wp\/v2\/pages\/10584\/revisions"}],"predecessor-version":[{"id":12667,"href":"http:\/\/www.mhm-muenster.de\/cms\/index.php?rest_route=\/wp\/v2\/pages\/10584\/revisions\/12667"}],"wp:attachment":[{"href":"http:\/\/www.mhm-muenster.de\/cms\/index.php?rest_route=%2Fwp%2Fv2%2Fmedia&parent=10584"}],"curies":[{"name":"wp","href":"https:\/\/api.w.org\/{rel}","templated":true}]}}