{"id":11655,"date":"2015-10-07T15:09:55","date_gmt":"2015-10-07T14:09:55","guid":{"rendered":"http:\/\/www.mhm-muenster.de\/cms\/?page_id=11655"},"modified":"2025-01-22T09:33:23","modified_gmt":"2025-01-22T08:33:23","slug":"unvergessen","status":"publish","type":"page","link":"http:\/\/www.mhm-muenster.de\/cms\/?page_id=11655","title":{"rendered":"Unvergessen"},"content":{"rendered":"<p style=\"text-align: center;\">Diese Seite soll an unsere treuen Freunde erinnern, die leider nicht mehr bei uns sind<\/p>\n<p style=\"text-align: center;\"><a href=\"http:\/\/www.mhm-muenster.de\/cms\/wp-content\/uploads\/2015\/10\/regenbogenbruecke.jpg\" rel=\"lightbox[11655]\"><img loading=\"lazy\" class=\"wp-image-11657 size-medium aligncenter\" src=\"http:\/\/www.mhm-muenster.de\/cms\/wp-content\/uploads\/2015\/10\/regenbogenbruecke-400x268.jpg\" alt=\"regenbogenbruecke\" width=\"400\" height=\"268\" srcset=\"http:\/\/www.mhm-muenster.de\/cms\/wp-content\/uploads\/2015\/10\/regenbogenbruecke-400x268.jpg 400w, http:\/\/www.mhm-muenster.de\/cms\/wp-content\/uploads\/2015\/10\/regenbogenbruecke.jpg 520w\" sizes=\"(max-width: 400px) 100vw, 400px\" \/><\/a><\/p>\n<p style=\"text-align: center;\"><span style=\"color: #800080;\"><strong>2024<\/strong><\/span><\/p>\n<p><a href=\"http:\/\/www.mhm-muenster.de\/cms\/wp-content\/uploads\/2024\/12\/WhatsApp-Image-2024-12-30-at-08.15.29.jpeg\" rel=\"lightbox[11655]\"><img loading=\"lazy\" class=\"wp-image-19658 aligncenter\" src=\"http:\/\/www.mhm-muenster.de\/cms\/wp-content\/uploads\/2024\/12\/WhatsApp-Image-2024-12-30-at-08.15.29-150x150.jpeg\" alt=\"\" width=\"267\" height=\"200\" srcset=\"http:\/\/www.mhm-muenster.de\/cms\/wp-content\/uploads\/2024\/12\/WhatsApp-Image-2024-12-30-at-08.15.29-400x300.jpeg 400w, http:\/\/www.mhm-muenster.de\/cms\/wp-content\/uploads\/2024\/12\/WhatsApp-Image-2024-12-30-at-08.15.29-1024x768.jpeg 1024w, http:\/\/www.mhm-muenster.de\/cms\/wp-content\/uploads\/2024\/12\/WhatsApp-Image-2024-12-30-at-08.15.29-768x576.jpeg 768w, http:\/\/www.mhm-muenster.de\/cms\/wp-content\/uploads\/2024\/12\/WhatsApp-Image-2024-12-30-at-08.15.29-1536x1152.jpeg 1536w, http:\/\/www.mhm-muenster.de\/cms\/wp-content\/uploads\/2024\/12\/WhatsApp-Image-2024-12-30-at-08.15.29.jpeg 2048w\" sizes=\"(max-width: 267px) 100vw, 267px\" \/><\/a><\/p>\n<p style=\"text-align: center;\">Mit Buddy habe ich eine sch\u00f6ne Zeit erlebt :Vor allem in unserem Verein hat er viel gelernt, leider mu\u00dfte ich ihn mit fast 18 Jahren gehen lassen<\/p>\n<p style=\"text-align: center;\">R. I. P. \ud83c\udf08 Deine Hilde<\/p>\n<p style=\"text-align: center;\"><img loading=\"lazy\" class=\"alignnone  wp-image-19351\" src=\"http:\/\/www.mhm-muenster.de\/cms\/wp-content\/uploads\/2024\/07\/jamie-400x303.jpeg\" alt=\"\" width=\"251\" height=\"190\" srcset=\"http:\/\/www.mhm-muenster.de\/cms\/wp-content\/uploads\/2024\/07\/jamie-400x303.jpeg 400w, http:\/\/www.mhm-muenster.de\/cms\/wp-content\/uploads\/2024\/07\/jamie-1024x774.jpeg 1024w, http:\/\/www.mhm-muenster.de\/cms\/wp-content\/uploads\/2024\/07\/jamie-768x581.jpeg 768w, http:\/\/www.mhm-muenster.de\/cms\/wp-content\/uploads\/2024\/07\/jamie-1536x1162.jpeg 1536w, http:\/\/www.mhm-muenster.de\/cms\/wp-content\/uploads\/2024\/07\/jamie.jpeg 1600w\" sizes=\"(max-width: 251px) 100vw, 251px\" \/><\/p>\n<p style=\"text-align: center;\"><strong>Jamie, 28.01.2010 \u2013 06.07.2024<\/strong><\/p>\n<p style=\"text-align: center;\"><strong>Mehr als mein halbes Leben hast du mich begleitet und so viele wichtige Ereignisse Seite an Seite mit mir erlebt.<\/strong><\/p>\n<p style=\"text-align: center;\"><strong>Wenn ich dich mit drei Worten beschreiben m\u00fcsste w\u00e4ren dies Stolz, G\u00fcte und Weisheit.<\/strong><\/p>\n<p style=\"text-align: center;\"><strong>Du warst bis zum Schluss unendlich stolz, wolltest dir deine Leiden nicht anmerken lassen, hast f\u00fcr mich und alle, die dir wichtig waren wie eine L\u00f6win gek\u00e4mpft und musstest immer ganz vorne mit dabei sein.<\/strong><\/p>\n<p style=\"text-align: center;\"><strong>Du warst g\u00fctig. Danke, dass du mir noch eine zweite Chance gegeben hast, obwohl ich in deinen jungen Jahren oft unfair zu dir war. Ich bin dankbar, dass wir in den letzten Jahren deines Lebens wieder zusammengewachsen sind.<\/strong><\/p>\n<p style=\"text-align: center;\"><strong>Und du warst Weise. Wie oft hast du mich angeschaut, mich mit deinen warmen Augen zu mehr Gelassenheit gedr\u00e4ngt und mir vermittelt, dass man das Leben nicht immer ganz so ernst nehmen sollte.<\/strong><\/p>\n<p style=\"text-align: center;\"><strong>Danke, f\u00fcr die vielen besonderen gemeinsam Jahre, kleine Zaubermaus!<\/strong><\/p>\n<p style=\"text-align: center;\"><span style=\"color: #800080;\"><strong>2020<\/strong><\/span><\/p>\n<p style=\"text-align: center;\"><strong>Leider musste Caro am 20.10.20 Caruso gehen lassen<\/strong><\/p>\n<p style=\"text-align: center;\"><a href=\"http:\/\/www.mhm-muenster.de\/cms\/wp-content\/uploads\/2015\/10\/IMG_0628.jpg\" rel=\"lightbox[11655]\"><img loading=\"lazy\" class=\"alignnone size-thumbnail wp-image-15996\" src=\"http:\/\/www.mhm-muenster.de\/cms\/wp-content\/uploads\/2015\/10\/IMG_0628-150x150.jpg\" alt=\"\" width=\"150\" height=\"150\" \/><\/a><\/p>\n<p style=\"text-align: center;\"><span style=\"color: #800080;\"><strong>2019<\/strong><\/span><\/p>\n<p style=\"text-align: center;\"><span style=\"color: #333333;\"><strong>In 2019 musste sich Familie Horn leider von Sunny verabschieden<\/strong><\/span><\/p>\n<p><strong>Anfang des Jahres habe ich Murphy verloren. 14 Jahre alt ist er geworden und hat mich 13 Jahre begleitet. Seine Ausstrahlung und sein unglaubliches Vertrauen werde ich sehr vermissen.<\/strong><\/p>\n<p style=\"text-align: center;\"><span style=\"color: #800080;\"><strong>2018<\/strong><\/span><\/p>\n<p style=\"text-align: center;\"><span style=\"color: #3366ff;\"><strong>In diesem Jahr mussten uns weitere treue Weggef\u00e4hrten verlassen:<\/strong><\/span><\/p>\n<p style=\"text-align: center;\"><strong>Traurig sind wir \u00fcber den Verlust von Leni &#8211; Familie Br\u00fcckner<\/strong><\/p>\n<p style=\"text-align: center;\"><strong>Ein schwerer Verlust war es f\u00fcr Mona. Sie musste\u00a0 Bakari gehen\u00a0 lassen&#8230;<\/strong><\/p>\n<p style=\"text-align: center;\"><strong>Sehr pl\u00f6tzlich hat sich auch Familie Hermann von Rocky verabschieden m\u00fcssen<\/strong><\/p>\n<p style=\"text-align: center;\"><span style=\"color: #800080;\"><strong>2017\u00a0<\/strong><\/span><\/p>\n<p style=\"text-align: center;\"><strong>Leider hat Bobby nach kurzer scherer Krankheit seine Hilde allein lassen m\u00fcssen<\/strong><\/p>\n<h2 style=\"text-align: center;\"><span style=\"color: #800080;\"><strong>2016<\/strong>\u00a0<\/span><\/h2>\n<h3 style=\"text-align: center;\"><strong>In Memoriam Moritz (18.02.1999 &#8211;\u00a0<\/strong><strong>08.09.2016 )<\/strong><\/h3>\n<h3 style=\"text-align: center;\"><strong>Heut&#8216; ist ein Freund von mir gegangen,<\/strong><br \/>\n<strong> der jahrelang mein Leben hat geteilt,\u00a0<\/strong><br \/>\n<strong> der meine Tr\u00e4nen, meine Freude kannte,\u00a0<\/strong><br \/>\n<strong> und jede Stunde hat bei mir geweilt.<\/strong><br \/>\n<strong> Sein Herz war angef\u00fcllt mit Liebe,\u00a0<\/strong><br \/>\n<strong> sein Sinn so edel ohne jede Scham.\u00a0<\/strong><br \/>\n<strong> Und alle lieben Worte, die ich sprach\u00a0<\/strong><br \/>\n<strong> wie Balsam in die Seele ihm versanken.\u00a0<\/strong><br \/>\n<strong> Heut&#8216; ist ein Freund von mir gegangen,\u00a0<\/strong><br \/>\n<strong> wie bitter war f\u00fcr mich die Stunde.<\/strong><br \/>\n<strong> Zu sagen hab ich noch vergessen,<\/strong><br \/>\n<strong> ich sprach von meinem Hund.\u00a0<\/strong><\/h3>\n<p><a href=\"http:\/\/www.mhm-muenster.de\/cms\/wp-content\/uploads\/2008\/01\/regenbogenbruecke_1.jpg\" rel=\"lightbox[11655]\"><img loading=\"lazy\" class=\"aligncenter size-thumbnail wp-image-7507\" src=\"http:\/\/www.mhm-muenster.de\/cms\/wp-content\/uploads\/2008\/01\/regenbogenbruecke_1-150x150.jpg\" alt=\"regenbogenbruecke_1\" width=\"150\" height=\"150\" \/><\/a><a href=\"http:\/\/www.mhm-muenster.de\/cms\/wp-content\/uploads\/2015\/10\/image1.jpeg\" rel=\"lightbox[11655]\"><img loading=\"lazy\" class=\"aligncenter size-thumbnail wp-image-12542\" src=\"http:\/\/www.mhm-muenster.de\/cms\/wp-content\/uploads\/2015\/10\/image1-150x150.jpeg\" alt=\"image1\" width=\"150\" height=\"150\" srcset=\"http:\/\/www.mhm-muenster.de\/cms\/wp-content\/uploads\/2015\/10\/image1-150x150.jpeg 150w, http:\/\/www.mhm-muenster.de\/cms\/wp-content\/uploads\/2015\/10\/image1-400x400.jpeg 400w, http:\/\/www.mhm-muenster.de\/cms\/wp-content\/uploads\/2015\/10\/image1-1024x1024.jpeg 1024w, http:\/\/www.mhm-muenster.de\/cms\/wp-content\/uploads\/2015\/10\/image1.jpeg 1600w\" sizes=\"(max-width: 150px) 100vw, 150px\" \/><\/a><\/p>\n<h3>Danke f\u00fcr wunderbare 17 Jahre und fast 7 Monate bester Moritz! Wir werden dein wundervolles Wesen f\u00fcr immer im Herzen tragen. Du wirst uns in Gedanken \u00fcberall hinbegleiten, so wie du es immer getan hast!<\/h3>\n<p><strong>In Liebe, deine Familie<\/strong><\/p>\n<h3 class=\"western\"><\/h3>\n<h3 class=\"western\"><\/h3>\n<h3 class=\"western\"><span style=\"color: #333333;\"><span style=\"font-family: Georgia, 'Times New Roman', 'Bitstream Charter', Times, serif;\">Isao vom Katharinenholz 07.02.2001 &#8211; 25.05.2016<\/span><\/span><\/h3>\n<p><a href=\"http:\/\/www.mhm-muenster.de\/cms\/wp-content\/uploads\/2008\/01\/regenbogenbruecke_1.jpg\" rel=\"lightbox[11655]\"><img loading=\"lazy\" class=\"aligncenter size-thumbnail wp-image-7507\" src=\"http:\/\/www.mhm-muenster.de\/cms\/wp-content\/uploads\/2008\/01\/regenbogenbruecke_1-150x150.jpg\" alt=\"regenbogenbruecke_1\" width=\"150\" height=\"150\" \/><\/a><a href=\"http:\/\/www.mhm-muenster.de\/cms\/wp-content\/uploads\/2015\/10\/Isao.jpg\" rel=\"lightbox[11655]\"><img loading=\"lazy\" class=\"aligncenter size-thumbnail wp-image-12372\" src=\"http:\/\/www.mhm-muenster.de\/cms\/wp-content\/uploads\/2015\/10\/Isao-150x150.jpg\" alt=\"Isao\" width=\"150\" height=\"150\" \/><\/a><\/p>\n<p><span style=\"color: #333333;\"><span style=\"font-family: Georgia, 'Times New Roman', 'Bitstream Charter', Times, serif;\"><span style=\"font-size: medium;\">Nach 15 Jahren und 3 Monaten endete am 25.05.2016 unser gemeinsames Zusammenleben.<\/span><\/span><\/span><\/p>\n<p><span style=\"color: #333333;\"><span style=\"font-family: Georgia, 'Times New Roman', 'Bitstream Charter', Times, serif;\"><span style=\"font-size: medium;\">Du warst uns immer ein treuer Begleiter und manchmal auch ein &#8222;Spa\u00dfvogel&#8220;.<\/span><\/span><\/span><\/p>\n<p><span style=\"color: #333333;\"><span style=\"font-family: Georgia, 'Times New Roman', 'Bitstream Charter', Times, serif;\"><span style=\"font-size: medium;\">Der gro\u00dfen Leere im Haus \u00fcberwiegt der Trost, dass du nicht Leiden musstest, da wir dich erl\u00f6st haben.<\/span><\/span><\/span><\/p>\n<p><span style=\"color: #333333;\"><span style=\"font-family: Georgia, 'Times New Roman', 'Bitstream Charter', Times, serif;\"><span style=\"font-size: medium;\">Du wirst uns fehlen<\/span><\/span><\/span><\/p>\n<p><span style=\"color: #333333;\"><span style=\"font-family: Georgia, 'Times New Roman', 'Bitstream Charter', Times, serif;\"><span style=\"font-size: medium;\">Ulla<\/span><\/span><\/span><\/p>\n<h3><\/h3>\n<h3><\/h3>\n<p><strong>Nina, 02.11.2002 &#8211; 14.03.2016<\/strong><\/p>\n<p><a href=\"http:\/\/www.mhm-muenster.de\/cms\/wp-content\/uploads\/2015\/10\/31146673.jpg\" rel=\"lightbox[11655]\"><img loading=\"lazy\" class=\"aligncenter size-thumbnail wp-image-11662\" src=\"http:\/\/www.mhm-muenster.de\/cms\/wp-content\/uploads\/2015\/10\/31146673-150x150.jpg\" alt=\"31146673\" width=\"150\" height=\"150\" \/><\/a><img loading=\"lazy\" class=\"size-thumbnail wp-image-12099 aligncenter\" src=\"http:\/\/www.mhm-muenster.de\/cms\/wp-content\/uploads\/2015\/10\/img_4436-150x150.jpg\" alt=\"img_4436\" width=\"150\" height=\"150\" \/><\/p>\n<p>Du warst ein ganz besonderer Hund mit deinem immer\u00a0sehr eigenen und doch so liebenswerten Wesen. Mit dir hat alles angefangen,du hast in mir die Begeisterung f\u00fcr den Hundesport geweckt,\u00a0und mir dir durfte ich alles lernen.<\/p>\n<p>Du warst mir immer eine treue Begleiterin,\u00a0die alles f\u00fcr mich gegeben hat.<br \/>\nZusammen haben wir die ersten Meisterschaften besucht\u00a0und konnten uns sowohl im Agility, Obedience undin den Vierk\u00e4mpfen in die h\u00f6chste Leistungsstufe hoch arbeiten. Ich bin dir sehr dankbar f\u00fcr all das was du f\u00fcr mich\u00a0und f\u00fcr uns gegeben hast. Du warst ein toller erster Hund<br \/>\nund der perfekte Familienhund.<\/p>\n<p>Lebe wohl kleine Maus \ud83d\udc95<\/p>\n<hr \/>\n<p>Unser lieber Uli \u00a0ist am 22. Januar 2016 f\u00fcr immer von uns gegangen. Wir\u00a0hatten ihn\u00a0 mit seiner lustigen, unbeschwerten\u00a0\u00a0Art und seiner Shira sofort in unser Herz geschlossen. So werden wir ihn in Erinnerung behalten. Trotz seiner schweren Krankheit\u00a0hat er immer\u00a0im Verein mitgeholfen,\u00a0 wo er nur konnte und hat uns manchmal \u00fcber seine Kr\u00e4fte hinaus beim Umzug in 2015\u00a0\u00a0unterst\u00fctzt.<\/p>\n<p style=\"text-align: left;\"><strong>Hyper 31.10.2015 &#8211; 05.10.2016<\/strong><\/p>\n<p><a href=\"http:\/\/www.mhm-muenster.de\/cms\/wp-content\/uploads\/2015\/10\/31146673.jpg\" rel=\"lightbox[11655]\"><img loading=\"lazy\" class=\" size-thumbnail wp-image-11662 alignleft\" src=\"http:\/\/www.mhm-muenster.de\/cms\/wp-content\/uploads\/2015\/10\/31146673-150x150.jpg\" alt=\"31146673\" width=\"150\" height=\"150\" \/><\/a><a href=\"http:\/\/www.mhm-muenster.de\/cms\/wp-content\/uploads\/2015\/10\/11420276_866593390088327_1147021521_o-11.jpg\" rel=\"lightbox[11655]\"><img loading=\"lazy\" class=\" size-thumbnail wp-image-11663 alignleft\" src=\"http:\/\/www.mhm-muenster.de\/cms\/wp-content\/uploads\/2015\/10\/11420276_866593390088327_1147021521_o-11-150x150.jpg\" alt=\"11420276_866593390088327_1147021521_o (1)\" width=\"150\" height=\"150\" \/><\/a><\/p>\n<p>Du hinterl\u00e4sst eine unglaubliche L\u00fccke in meinem Herzen. Wir haben gek\u00e4mpft und doch verloren. Ich musste in Deinem Sinne handeln und Dich von dem aussichtslosen Kampf, der Epilepsie, erl\u00f6sen. Ich bin froh zu wissen, dass wir Deine letzten Tage im Guten verbringen durften. Ich werde dich immer in meinem Herzen tragen. Du warst ein unglaublicher Hund, so besonders, so perfekt, so Hyper.<\/p>\n<p><em><strong>Louise<\/strong><\/em><\/p>\n<hr \/>\n<p style=\"text-align: center;\"><strong>2013<\/strong><\/p>\n<p><strong>Auch M\u00fccke von Marion musste uns verlassen, immerhin ist er 17 Jahre alt geworden.<\/strong><\/p>\n<p><a href=\"http:\/\/www.mhm-muenster.de\/cms\/wp-content\/uploads\/2008\/01\/regenbogenbruecke_1.jpg\" rel=\"lightbox[82]\"><img loading=\"lazy\" class=\"alignnone size-thumbnail wp-image-7507\" title=\"regenbogenbruecke_1\" src=\"http:\/\/www.mhm-muenster.de\/cms\/wp-content\/uploads\/2008\/01\/regenbogenbruecke_1-150x150.jpg\" alt=\"\" width=\"150\" height=\"150\" \/><\/a><a href=\"http:\/\/www.mhm-muenster.de\/cms\/wp-content\/uploads\/2008\/01\/Foto.jpg\" rel=\"lightbox[82]\"><img loading=\"lazy\" class=\"alignnone size-thumbnail wp-image-9095\" title=\"Foto\" src=\"http:\/\/www.mhm-muenster.de\/cms\/wp-content\/uploads\/2008\/01\/Foto-150x150.jpg\" alt=\"\" width=\"150\" height=\"150\" \/><\/a><\/p>\n<p><strong>Nun\u00a0m\u00fcssen wir uns im M\u00e4rz\u00a0von Rasta (fast 14\u00a0Jahre) verabschieden.<\/strong><\/p>\n<p><a href=\"http:\/\/www.mhm-muenster.de\/cms\/wp-content\/uploads\/2008\/01\/regenbogenbrueckestufen.jpg\" rel=\"lightbox[82]\"><img loading=\"lazy\" class=\"alignnone size-thumbnail wp-image-9008\" title=\"regenbogenbrueckestufen\" src=\"http:\/\/www.mhm-muenster.de\/cms\/wp-content\/uploads\/2008\/01\/regenbogenbrueckestufen-150x150.jpg\" alt=\"\" width=\"150\" height=\"150\" \/><\/a><a href=\"http:\/\/www.mhm-muenster.de\/cms\/wp-content\/uploads\/2008\/01\/1-1-DSCI09101.jpg\" rel=\"lightbox[82]\"><img loading=\"lazy\" class=\"alignnone size-thumbnail wp-image-9003\" title=\"1-1-DSCI0910\" src=\"http:\/\/www.mhm-muenster.de\/cms\/wp-content\/uploads\/2008\/01\/1-1-DSCI09101-150x150.jpg\" alt=\"\" width=\"150\" height=\"150\" \/><\/a><\/p>\n<p><strong>Ebenso hat Juno ihren Lebensabend gefunden. <\/strong><\/p>\n<p><a href=\"http:\/\/www.mhm-muenster.de\/cms\/wp-content\/uploads\/2008\/01\/regenbogenbrueckestufen.jpg\" rel=\"lightbox[82]\"><img loading=\"lazy\" class=\"alignnone size-thumbnail wp-image-9008\" title=\"regenbogenbrueckestufen\" src=\"http:\/\/www.mhm-muenster.de\/cms\/wp-content\/uploads\/2008\/01\/regenbogenbrueckestufen-150x150.jpg\" alt=\"\" width=\"150\" height=\"150\" \/><\/a><a href=\"http:\/\/www.mhm-muenster.de\/cms\/wp-content\/uploads\/2008\/01\/1-Juno-wartet0811.jpg\" rel=\"lightbox[82]\"><img loading=\"lazy\" class=\"alignnone size-thumbnail wp-image-9004\" title=\"1-Juno wartet081\" src=\"http:\/\/www.mhm-muenster.de\/cms\/wp-content\/uploads\/2008\/01\/1-Juno-wartet0811-150x150.jpg\" alt=\"\" width=\"150\" height=\"150\" \/><\/a><\/p>\n<hr \/>\n<p style=\"text-align: center;\"><strong>2012<\/strong><\/p>\n<p><strong>Aaron verl\u00e4sst uns nach langer Krankheit viel zu fr\u00fch Ende 2012<\/strong><\/p>\n<p><a href=\"http:\/\/www.mhm-muenster.de\/cms\/wp-content\/uploads\/2008\/01\/regenbogenbrueckestufen.jpg\" rel=\"lightbox[82]\"><img loading=\"lazy\" class=\"alignnone size-thumbnail wp-image-9008\" title=\"regenbogenbrueckestufen\" src=\"http:\/\/www.mhm-muenster.de\/cms\/wp-content\/uploads\/2008\/01\/regenbogenbrueckestufen-150x150.jpg\" alt=\"\" width=\"150\" height=\"150\" \/><\/a><a href=\"http:\/\/www.mhm-muenster.de\/cms\/wp-content\/uploads\/2008\/01\/1-DSC_16261.jpg\" rel=\"lightbox[82]\"><img loading=\"lazy\" class=\"alignnone size-thumbnail wp-image-9005\" title=\"1-DSC_1626\" src=\"http:\/\/www.mhm-muenster.de\/cms\/wp-content\/uploads\/2008\/01\/1-DSC_16261-150x150.jpg\" alt=\"\" width=\"150\" height=\"150\" \/><\/a><\/p>\n<p><strong>\u00a0<\/strong><strong>Auch Sandra musste Kira\u00a0 in diesem Jahr leider gehen lassen<\/strong><\/p>\n<p><a href=\"http:\/\/www.mhm-muenster.de\/cms\/wp-content\/uploads\/2008\/01\/regenbogenbrueckestufen.jpg\" rel=\"lightbox[82]\"><img loading=\"lazy\" class=\"alignnone size-thumbnail wp-image-9008\" title=\"regenbogenbrueckestufen\" src=\"http:\/\/www.mhm-muenster.de\/cms\/wp-content\/uploads\/2008\/01\/regenbogenbrueckestufen-150x150.jpg\" alt=\"\" width=\"150\" height=\"150\" \/><\/a><a href=\"http:\/\/www.mhm-muenster.de\/cms\/wp-content\/uploads\/2008\/01\/1-P10207111.jpg\" rel=\"lightbox[82]\"><img loading=\"lazy\" class=\"alignnone size-thumbnail wp-image-9006\" title=\"1-P1020711\" src=\"http:\/\/www.mhm-muenster.de\/cms\/wp-content\/uploads\/2008\/01\/1-P10207111-150x150.jpg\" alt=\"\" width=\"150\" height=\"150\" \/><\/a><\/p>\n<p><strong>Joker ist am 6. November \u00fcber die Regenbogenbr\u00fccke gegangen\u2026<\/strong><\/p>\n<p><a href=\"http:\/\/www.mhm-muenster.de\/cms\/wp-content\/uploads\/2008\/01\/regenbogenbruecke_1.jpg\" rel=\"lightbox[82]\"><img loading=\"lazy\" class=\"alignleft wp-image-7507\" title=\"regenbogenbruecke_1\" src=\"http:\/\/www.mhm-muenster.de\/cms\/wp-content\/uploads\/2008\/01\/regenbogenbruecke_1-150x150.jpg\" alt=\"\" width=\"150\" height=\"150\" \/><\/a><a title=\"\" href=\"http:\/\/www.mhm-muenster.de\/cms\/wp-content\/gallery\/foto-der-woche-2012\/kw41.jpg\" rel=\"lightbox[]\"><img loading=\"lazy\" class=\"ngg-singlepic ngg-none\" src=\"http:\/\/www.mhm-muenster.de\/cms\/wp-content\/gallery\/foto-der-woche-2012\/thumbs\/thumbs_kw41.jpg\" alt=\"kw41\" width=\"150\" height=\"150\" \/><\/a><\/p>\n<p>Ein guter Hund stirbt nie \u2013 er bleibt immer gegenw\u00e4rtig.<\/p>\n<p>Er wandert neben Dir an k\u00fchlen Herbsttagen, wenn der Frost \u00fcber die Felder streift und der Winter n\u00e4her kommt, sein Kopf liegt z\u00e4rtlich in Deiner Hand wie in alten Zeiten.<\/p>\n<p>15 Jahre lang warst du mein treuer Begleiter doch heute bist du friedlich eingeschlafen. Ich werde dich vermissen, doch du bist f\u00fcr immer in meinem Herzen.<br \/>\nDu warst der beste ERSTE Hund, den man sich w\u00fcnschen konnte, ich habe von dir so viel gelernt, danke f\u00fcr alles mein Freund.<br \/>\nF\u00fcr IMMER verbunden, niemals getrennt, ich liebe dich, mein Joker<\/p>\n<p>Dein Frauchen Nora<\/p>\n","protected":false},"excerpt":{"rendered":"<p>Diese Seite soll an unsere treuen Freunde erinnern, die leider nicht mehr bei uns sind 2024 Mit Buddy habe ich eine sch\u00f6ne Zeit erlebt :Vor allem in unserem Verein hat er viel gelernt, leider mu\u00dfte ich ihn mit fast 18 Jahren gehen lassen R. I. P. \ud83c\udf08 Deine Hilde Jamie, 28.01.2010 \u2013 06.07.2024 Mehr als [&hellip;]<\/p>\n","protected":false},"author":11,"featured_media":0,"parent":0,"menu_order":0,"comment_status":"closed","ping_status":"open","template":"","meta":[],"_links":{"self":[{"href":"http:\/\/www.mhm-muenster.de\/cms\/index.php?rest_route=\/wp\/v2\/pages\/11655"}],"collection":[{"href":"http:\/\/www.mhm-muenster.de\/cms\/index.php?rest_route=\/wp\/v2\/pages"}],"about":[{"href":"http:\/\/www.mhm-muenster.de\/cms\/index.php?rest_route=\/wp\/v2\/types\/page"}],"author":[{"embeddable":true,"href":"http:\/\/www.mhm-muenster.de\/cms\/index.php?rest_route=\/wp\/v2\/users\/11"}],"replies":[{"embeddable":true,"href":"http:\/\/www.mhm-muenster.de\/cms\/index.php?rest_route=%2Fwp%2Fv2%2Fcomments&post=11655"}],"version-history":[{"count":53,"href":"http:\/\/www.mhm-muenster.de\/cms\/index.php?rest_route=\/wp\/v2\/pages\/11655\/revisions"}],"predecessor-version":[{"id":19682,"href":"http:\/\/www.mhm-muenster.de\/cms\/index.php?rest_route=\/wp\/v2\/pages\/11655\/revisions\/19682"}],"wp:attachment":[{"href":"http:\/\/www.mhm-muenster.de\/cms\/index.php?rest_route=%2Fwp%2Fv2%2Fmedia&parent=11655"}],"curies":[{"name":"wp","href":"https:\/\/api.w.org\/{rel}","templated":true}]}}