{"id":133,"date":"2008-01-06T15:54:30","date_gmt":"2008-01-06T14:54:30","guid":{"rendered":"http:\/\/mhm-muenster.de\/cms\/?page_id=133"},"modified":"2009-12-29T13:11:56","modified_gmt":"2009-12-29T12:11:56","slug":"tab-trainerausbildung","status":"publish","type":"page","link":"http:\/\/www.mhm-muenster.de\/cms\/?page_id=133","title":{"rendered":"TAB &#8211; TrainerAusBildung 2007 &#8211; 2008"},"content":{"rendered":"<p align=\"center\"><span class=\"thickbox\"><img class=\"ngg-singlepic ngg-center\" src=\"http:\/\/mhm-muenster.de\/cms\/wp-content\/gallery\/trainer-mhm\/traineruebersicht_1_0.jpg\" alt=\"traineruebersicht_1_0.jpg\" \/><\/span><\/p>\n<p align=\"center\"><span class=\"thickbox\">ZUENDE<\/span><\/p>\n<p style=\"text-align: left;\"><span class=\"thickbox\">seit Januar 2009 sind alle Traineranw\u00e4rter in ihre &#8222;Selbst\u00e4ndigkeit&#8220; entlassen worden. Mehr k\u00f6nnt ihr demn\u00e4chst auf der Trainerseite erfahren. <\/span><span class=\"thickbox\">Von links nach rechts stellen wir euch unsere Trainerinnen vor:<\/span><\/p>\n<p style=\"text-align: left;\"><span class=\"thickbox\">Julia Risse &#8211; Jugendtraining und Fortgeschrittene (Gehorsam, THS)<\/span><\/p>\n<p style=\"text-align: left;\"><span class=\"thickbox\">Gabi Tappe &#8211; Anf\u00e4ngeraufbau (Gehorsam)<\/span><\/p>\n<p style=\"text-align: left;\"><span class=\"thickbox\">Bettina Engelhardt-Schmidt &#8211; Agility, Obedience, Kurse<\/span><\/p>\n<p style=\"text-align: left;\"><span class=\"thickbox\">Ulrike Beckschulte\u00a0 &#8211; Spass am Dienstag, Welpen &amp; Junghunde, \u00dc50\/\u00dc8 &#8211; Gruppe<\/span><\/p>\n<p style=\"text-align: left;\"><span class=\"thickbox\">Anna M\u00f6ller &#8211; Turnierhundsport (THS)<\/span><\/p>\n<p style=\"text-align: left;\"><span class=\"thickbox\">Sandra Fontaine &#8211; Flyball<\/span><\/p>\n<p style=\"text-align: left;\"><span class=\"thickbox\">Alle Trainerinnen unterst\u00fctzen sich gegenseitig vertretungsweise. Eine breitgef\u00e4cherte Wissenbasis ist daf\u00fcr Voraussetzung. Dies ist uns im MHM ein besonderes Anliegen.\u00a0<\/span><\/p>\n","protected":false},"excerpt":{"rendered":"<p>ZUENDE seit Januar 2009 sind alle Traineranw\u00e4rter in ihre &#8222;Selbst\u00e4ndigkeit&#8220; entlassen worden. Mehr k\u00f6nnt ihr demn\u00e4chst auf der Trainerseite erfahren. Von links nach rechts stellen wir euch unsere Trainerinnen vor: Julia Risse &#8211; Jugendtraining und Fortgeschrittene (Gehorsam, THS) Gabi Tappe &#8211; Anf\u00e4ngeraufbau (Gehorsam) Bettina Engelhardt-Schmidt &#8211; Agility, Obedience, Kurse Ulrike Beckschulte\u00a0 &#8211; Spass am Dienstag, [&hellip;]<\/p>\n","protected":false},"author":1,"featured_media":0,"parent":0,"menu_order":0,"comment_status":"open","ping_status":"open","template":"","meta":[],"_links":{"self":[{"href":"http:\/\/www.mhm-muenster.de\/cms\/index.php?rest_route=\/wp\/v2\/pages\/133"}],"collection":[{"href":"http:\/\/www.mhm-muenster.de\/cms\/index.php?rest_route=\/wp\/v2\/pages"}],"about":[{"href":"http:\/\/www.mhm-muenster.de\/cms\/index.php?rest_route=\/wp\/v2\/types\/page"}],"author":[{"embeddable":true,"href":"http:\/\/www.mhm-muenster.de\/cms\/index.php?rest_route=\/wp\/v2\/users\/1"}],"replies":[{"embeddable":true,"href":"http:\/\/www.mhm-muenster.de\/cms\/index.php?rest_route=%2Fwp%2Fv2%2Fcomments&post=133"}],"version-history":[{"count":11,"href":"http:\/\/www.mhm-muenster.de\/cms\/index.php?rest_route=\/wp\/v2\/pages\/133\/revisions"}],"predecessor-version":[{"id":1057,"href":"http:\/\/www.mhm-muenster.de\/cms\/index.php?rest_route=\/wp\/v2\/pages\/133\/revisions\/1057"}],"wp:attachment":[{"href":"http:\/\/www.mhm-muenster.de\/cms\/index.php?rest_route=%2Fwp%2Fv2%2Fmedia&parent=133"}],"curies":[{"name":"wp","href":"https:\/\/api.w.org\/{rel}","templated":true}]}}