{"id":1577,"date":"2009-01-28T12:42:51","date_gmt":"2009-01-28T11:42:51","guid":{"rendered":"http:\/\/mhm-muenster.de\/cms\/?page_id=1577"},"modified":"2015-01-01T12:20:30","modified_gmt":"2015-01-01T11:20:30","slug":"aktionen","status":"publish","type":"page","link":"http:\/\/www.mhm-muenster.de\/cms\/?page_id=1577","title":{"rendered":"Aktionen"},"content":{"rendered":"<p><strong>Termine 2015<\/strong><\/p>\n<p><strong>Termine 2014<\/strong><\/p>\n<p>Trainerabschluss 2014 &#8211; Gr\u00fcnkohlessen!!!!<\/p>\n<p>Ergebnis: Super 2014! Alle Trainer haben ein tolle Arbeit geleistet, im Sport gro\u00dfe Erfolge erzielt und sich enorm weiter entwickelt. Der Verein bedankt sich sehr, Sandra Z\u00fcnkeler \u00fcberreicht&#8230;<\/p>\n<p>Wir bieten in 2015 Rally Obedience an (Ute und Gabi), im Fr\u00fchjahr unterst\u00fctzen alle Trainer einen Agilityschnupperkurs wir einigen uns darauf, die Ausrichtung der Kreismeisterschaft Agility 2015 zu beantragen.<\/p>\n<p>Neu in der \u00a0Trainermannschaft dabei ist Ute Br\u00fcckner.<\/p>\n<p>&#8212;-<\/p>\n<p>In regelm\u00e4\u00dfigen Abst\u00e4nden treffen wir uns zu Trainersitzungen, um alle Trainer auf dem neuesten Stand zu halten und uns \u00fcber die Unterrichte auszutauschen. Dabei legen wir darauf wert, dass unsere Assistenten auch teilnehmen.<\/p>\n<p>Referiert wurde ebenfalls.<\/p>\n<p><span style=\"text-decoration: underline;\">Zu folgenden Themen:<\/span><\/p>\n<p>Bettina E &#8211; Schmidt &#8211; Der Umgang mit dem Clicker<\/p>\n<p>Karsten Klause &#8211; Das Apportieren<\/p>\n<p>Michael Ahmann &#8211; Ziehen an der Leine<\/p>\n<p>Renata Klasmann &#8211; Die Wippe<\/p>\n<p>Mona Rump &#8211; Alltagsgehorsam<\/p>\n<p>Claudia Winkelmann &#8211; Agility &#8211; Kurse<\/p>\n<p><strong>Termine 2012<\/strong><\/p>\n<p><span style=\"color: #006600;\">Fachsitzung Agility &#8211; 05.01.2012 bei Claudia ( Claudia, Bettina, Michael)<\/span><br \/>\n<span style=\"color: #006600;\">Fachsitzung Obedience &#8211; 18.01.2012 Bauwagen ( Ira, Gabi, Sandra, Kristina, Mona,\u00a0Bettina)<\/span><br \/>\n<span style=\"color: #006600;\">Fachsitzung Gehorsam &#8211; 23.01.2012 bei Sandra ( Sandra, Kristina, Gabi, Bettina &#8211; Ira krank)<\/span><\/p>\n<p><strong>Termine 2011<\/strong><\/p>\n<p><span style=\"color: #990000;\">28.12.2011 Gesamttrainersitzung bei Sandra<\/span><\/p>\n<p><strong>Termine 2010<\/strong><\/p>\n<p>1. Trainertreffen am 22. Januar um 19:30 Uhr bei Sandra, Protokoll Ira<\/p>\n<p><strong>Termine 2009<\/strong><\/p>\n<p>1. Trainertreffen\u00a0 am 23. Januar um 20 Uhr im Bennohaus, &#8222;Benno 3&#8220;, Protokoll Bettina<\/p>\n<p>2. Trainertreffen am 24. April um 20 Uhr &#8211;\u00a0Kruse Baimken, Protokoll\u00a0 Sandra<\/p>\n<p>3. Trainertreffen am 20. August um 20 Uhr-\u00a0Altdeutsche Sch\u00e4nke, Gimbte, Protokoll\u00a0 Ulrike<\/p>\n<p>4. Trainertreffen am 23. Oktober um 20 Uhr &#8211; bei Ira, Protokoll\u00a0 Julia<\/p>\n<p>&#8212;&#8212;&#8212;&#8212;&#8212;&#8212;&#8212;&#8212;&#8212;&#8212;&#8212;&#8212;&#8212;&#8212;&#8212;&#8212;&#8212;&#8212;&#8212;&#8212;&#8212;&#8212;&#8212;&#8212;<\/p>\n<p>Treffen Trainer Bereich UO Fortgeschrittene (Julia, Bettina)\u00a0Freitag, 6. Februar\u00a019:30-21 Uhr, Bauwagen<\/p>\n<p>Treffen Trainer Bereich UO\u00a0Anf\u00e4ngeraufbau (Ulrike, Gabi, Bettina)\u00a0Freitag, 10. Februar\u00a08:30-10 Uhr, Bauwagen<\/p>\n<p>Treffen der THS &#8211; Trainer (Julia, Anna, Bettina), Montag 9. M\u00e4rz &#8211; Bauwagen<\/p>\n<p>Treffen der Sporttrainer &#8211; Thema: Ziele 2009<\/p>\n<p>&#8212;&#8212;&#8212;&#8212;&#8212;&#8212;&#8212;&#8212;&#8212;&#8212;&#8212;&#8212;&#8212;&#8212;&#8212;&#8212;&#8212;&#8212;&#8212;&#8212;&#8212;&#8212;&#8212;&#8212;<\/p>\n<p>Stewardbesprechung im Rahmen des 3. Aktiventreffs am Samstag, dem 23. Mai 2009 um 12:30 Uhr am Platz.<\/p>\n","protected":false},"excerpt":{"rendered":"<p>Termine 2015 Termine 2014 Trainerabschluss 2014 &#8211; Gr\u00fcnkohlessen!!!! Ergebnis: Super 2014! Alle Trainer haben ein tolle Arbeit geleistet, im Sport gro\u00dfe Erfolge erzielt und sich enorm weiter entwickelt. Der Verein bedankt sich sehr, Sandra Z\u00fcnkeler \u00fcberreicht&#8230; Wir bieten in 2015 Rally Obedience an (Ute und Gabi), im Fr\u00fchjahr unterst\u00fctzen alle Trainer einen Agilityschnupperkurs wir einigen [&hellip;]<\/p>\n","protected":false},"author":6,"featured_media":0,"parent":0,"menu_order":0,"comment_status":"open","ping_status":"open","template":"","meta":[],"_links":{"self":[{"href":"http:\/\/www.mhm-muenster.de\/cms\/index.php?rest_route=\/wp\/v2\/pages\/1577"}],"collection":[{"href":"http:\/\/www.mhm-muenster.de\/cms\/index.php?rest_route=\/wp\/v2\/pages"}],"about":[{"href":"http:\/\/www.mhm-muenster.de\/cms\/index.php?rest_route=\/wp\/v2\/types\/page"}],"author":[{"embeddable":true,"href":"http:\/\/www.mhm-muenster.de\/cms\/index.php?rest_route=\/wp\/v2\/users\/6"}],"replies":[{"embeddable":true,"href":"http:\/\/www.mhm-muenster.de\/cms\/index.php?rest_route=%2Fwp%2Fv2%2Fcomments&post=1577"}],"version-history":[{"count":35,"href":"http:\/\/www.mhm-muenster.de\/cms\/index.php?rest_route=\/wp\/v2\/pages\/1577\/revisions"}],"predecessor-version":[{"id":10784,"href":"http:\/\/www.mhm-muenster.de\/cms\/index.php?rest_route=\/wp\/v2\/pages\/1577\/revisions\/10784"}],"wp:attachment":[{"href":"http:\/\/www.mhm-muenster.de\/cms\/index.php?rest_route=%2Fwp%2Fv2%2Fmedia&parent=1577"}],"curies":[{"name":"wp","href":"https:\/\/api.w.org\/{rel}","templated":true}]}}