{"id":16177,"date":"2021-02-03T18:03:30","date_gmt":"2021-02-03T17:03:30","guid":{"rendered":"http:\/\/www.mhm-muenster.de\/cms\/?page_id=16177"},"modified":"2021-02-22T11:36:54","modified_gmt":"2021-02-22T10:36:54","slug":"trick-dog","status":"publish","type":"page","link":"http:\/\/www.mhm-muenster.de\/cms\/?page_id=16177","title":{"rendered":"Trick Dog"},"content":{"rendered":"<p align=\"center\"><img loading=\"lazy\" width=\"428\" height=\"241\" align=\"center\" src=\"http:\/\/www.mhm-muenster.de\/cms\/wp-content\/uploads\/2021\/02\/image002.png\" alt=\"\" class=\"wp-image-16381\" srcset=\"http:\/\/www.mhm-muenster.de\/cms\/wp-content\/uploads\/2021\/02\/image002.png 428w, http:\/\/www.mhm-muenster.de\/cms\/wp-content\/uploads\/2021\/02\/image002-400x225.png 400w\" sizes=\"(max-width: 428px) 100vw, 428px\" \/><\/p>\n\n\n<p>In erster Linie machen wir Tricks mit unseren Hunden, um sie artgerecht zu besch\u00e4ftigen und weil es Spa\u00df macht.<\/p>\n\n\n\n<p>Es ist immer wie eine Art Spiel, die man mit dem Hund spielt: \u201ewir machen was zusammen und du musst raten, wie du am schnellsten zum Leckerchen kommst\u201c<\/p>\n\n\n\n<p>Dabei arbeiten wir mit der Clickermethode, bei der der Hund die Aufgabe selbstst\u00e4ndig erlernt, schnell und nur positiv best\u00e4rkt wird und durch viele Wiederholungen die Aufgabe nachhaltig begreift.<\/p>\n\n\n\n<p>Der Trick wird in kleine Unteraufgaben eingeteilt, die auf einander aufbauen und schrittweise zur vollst\u00e4ndigen Aufgabe f\u00fchren. Dadurch wird der Hund nicht \u00fcberfordert und lernt trotzdem immer weiter etwas dazu.<\/p>\n\n\n<p align=\"center\"><img loading=\"lazy\" width=\"160\" height=\"286\" src=\"http:\/\/www.mhm-muenster.de\/cms\/wp-content\/uploads\/2021\/02\/image004.png\" alt=\"\" class=\"wp-image-16382\"\/>&nbsp;&nbsp;&nbsp;&nbsp;<img loading=\"lazy\" width=\"161\" height=\"286\" src=\"http:\/\/www.mhm-muenster.de\/cms\/wp-content\/uploads\/2021\/02\/image006.png\" alt=\"\" class=\"wp-image-16383\"\/><\/p>\n\n\n<p>Einige Tricks sind einfach nur niedlich oder lustig, aber die meisten Tricks bringen wir mit einer bestimmten Funktion oder Hintergedanken bei. Sie sollen Muskeln aufbauen, Gleichgewicht und K\u00f6rperbewusstsein des Hundes st\u00e4rken, Konzentration und Arbeitstrieb st\u00e4rken bzw. lenken oder auf gew\u00fcnschte Aufgaben in den einzelnen Sportarten vorbereiten.<\/p>\n\n\n<p align=\"center\"><img loading=\"lazy\" width=\"181\" height=\"102\" src=\"http:\/\/www.mhm-muenster.de\/cms\/wp-content\/uploads\/2021\/02\/image008.png\" alt=\"\" class=\"wp-image-16385\"\/>&nbsp;&nbsp;&nbsp;<img loading=\"lazy\" width=\"180\" height=\"101\" src=\"http:\/\/www.mhm-muenster.de\/cms\/wp-content\/uploads\/2021\/02\/image010.png\" alt=\"\" class=\"wp-image-16386\"\/>&nbsp;&nbsp;&nbsp;<img loading=\"lazy\" width=\"179\" height=\"101\" src=\"http:\/\/www.mhm-muenster.de\/cms\/wp-content\/uploads\/2021\/02\/image012.png\" alt=\"\" class=\"wp-image-16387\"\/><\/p>\n\n\n<p>Weitere Vorteile sind dabei, dass man kaum Ger\u00e4te daf\u00fcr braucht und man es \u00fcberall machen kann. Es geeignet f\u00fcr praktisch jeden Hund, ob jung, alt oder krank und man kann individuell Schw\u00e4chen des Hundes aufbauen und St\u00e4rken ausbauen.<\/p>\n\n\n\n<p>Dadurch wird die Beziehung Mensch\/Hund gest\u00e4rkt und der Hund kann sich sp\u00e4ter beim Arbeiten unter Ablenkung besser auf den Hundef\u00fchrer konzentrieren, weil das Arbeiten mit Herrchen\/Frauchen immer lohnender ist als die Ablenkung \ud83d\ude09<\/p>\n\n\n\n<p>Das ist sind die Gr\u00fcnde, warum ich mit meinen Hunden seit jeher von der ersten bis zur letzten Minute Tricks mache und meine Hunde freudig auf mich zukommen wenn ich einen Clicker und Leckerchen in die Hand nehme \ud83d\ude0a<\/p>\n\n\n<p align=\"center\"><img loading=\"lazy\" width=\"131\" height=\"233\" src=\"http:\/\/www.mhm-muenster.de\/cms\/wp-content\/uploads\/2021\/02\/image014.png\" alt=\"\" class=\"wp-image-16388\"\/>&nbsp;&nbsp;<img loading=\"lazy\" width=\"130\" height=\"231\" src=\"http:\/\/www.mhm-muenster.de\/cms\/wp-content\/uploads\/2021\/02\/image016.png\" alt=\"\" class=\"wp-image-16389\"\/><\/p>\n<p><strong>Obfrau f\u00fcr TrickDog<\/strong><\/p>\n<p><img loading=\"lazy\" class=\"alignnone size-thumbnail wp-image-10992\" src=\"http:\/\/www.mhm-muenster.de\/cms\/wp-content\/uploads\/2015\/01\/IMG-20150224-WA0002-150x150.jpg\" alt=\"\" width=\"150\" height=\"150\"\/><\/p>\n<p>Mona Rump<\/p>","protected":false},"excerpt":{"rendered":"<p>In erster Linie machen wir Tricks mit unseren Hunden, um sie artgerecht zu besch\u00e4ftigen und weil es Spa\u00df macht. Es ist immer wie eine Art Spiel, die man mit dem Hund spielt: \u201ewir machen was zusammen und du musst raten, wie du am schnellsten zum Leckerchen kommst\u201c Dabei arbeiten wir mit der Clickermethode, bei der [&hellip;]<\/p>\n","protected":false},"author":12,"featured_media":0,"parent":0,"menu_order":0,"comment_status":"closed","ping_status":"closed","template":"","meta":[],"_links":{"self":[{"href":"http:\/\/www.mhm-muenster.de\/cms\/index.php?rest_route=\/wp\/v2\/pages\/16177"}],"collection":[{"href":"http:\/\/www.mhm-muenster.de\/cms\/index.php?rest_route=\/wp\/v2\/pages"}],"about":[{"href":"http:\/\/www.mhm-muenster.de\/cms\/index.php?rest_route=\/wp\/v2\/types\/page"}],"author":[{"embeddable":true,"href":"http:\/\/www.mhm-muenster.de\/cms\/index.php?rest_route=\/wp\/v2\/users\/12"}],"replies":[{"embeddable":true,"href":"http:\/\/www.mhm-muenster.de\/cms\/index.php?rest_route=%2Fwp%2Fv2%2Fcomments&post=16177"}],"version-history":[{"count":4,"href":"http:\/\/www.mhm-muenster.de\/cms\/index.php?rest_route=\/wp\/v2\/pages\/16177\/revisions"}],"predecessor-version":[{"id":16390,"href":"http:\/\/www.mhm-muenster.de\/cms\/index.php?rest_route=\/wp\/v2\/pages\/16177\/revisions\/16390"}],"wp:attachment":[{"href":"http:\/\/www.mhm-muenster.de\/cms\/index.php?rest_route=%2Fwp%2Fv2%2Fmedia&parent=16177"}],"curies":[{"name":"wp","href":"https:\/\/api.w.org\/{rel}","templated":true}]}}