{"id":17087,"date":"2021-07-31T20:40:45","date_gmt":"2021-07-31T19:40:45","guid":{"rendered":"http:\/\/www.mhm-muenster.de\/cms\/?page_id=17087"},"modified":"2021-07-31T20:50:15","modified_gmt":"2021-07-31T19:50:15","slug":"begleithundepruefung-juni-2021","status":"publish","type":"page","link":"http:\/\/www.mhm-muenster.de\/cms\/?page_id=17087","title":{"rendered":"Begleithundepr\u00fcfung beim MHM Juni 2021"},"content":{"rendered":"<p><strong>Unsere Begleithundepr\u00fcfung konnte stattfinden. Wir hatten einen herrlichen sonnigen Tag, wirklich nette Starter bei uns und gut gelaunte Helfer, die auf alle W\u00fcnsche eingingen. \u00dcbertroffen hat das Ganze Monika B\u00fcning als Richterin&nbsp; mit ihrer klaren, sehr zugewandten und empathischen Art.&nbsp;<\/strong><\/p>\n<p><a href=\"http:\/\/www.mhm-muenster.de\/cms\/wp-content\/uploads\/2021\/06\/Monika.jpg\" rel=\"lightbox[17087]\"><img loading=\"lazy\" class=\"alignnone wp-image-16883 size-thumbnail\" src=\"http:\/\/www.mhm-muenster.de\/cms\/wp-content\/uploads\/2021\/06\/Monika-150x150.jpg\" alt=\"Unsere Richterin bei der BH: Monika B\u00fcning\" width=\"150\" height=\"150\"\/><\/a><br \/>\nUnsere Richterin bei der BH\/VT: Monika B\u00fcning, die kompetent, mit \u00dcbersicht und viel Einf\u00fchlungsverm\u00f6gen gerichtet hat. DANKE<\/p>\n<p>Bestanden haben:<\/p>\n<div id=\"attachment_16889\" style=\"width: 160px\" class=\"wp-caption alignleft\"><a href=\"http:\/\/www.mhm-muenster.de\/cms\/wp-content\/uploads\/2021\/06\/Syp-Take-scaled-e1624955629469.jpg\" rel=\"lightbox[17087]\"><img aria-describedby=\"caption-attachment-16889\" loading=\"lazy\" class=\"wp-image-16889 size-thumbnail\" src=\"http:\/\/www.mhm-muenster.de\/cms\/wp-content\/uploads\/2021\/06\/Syp-Take-150x150.jpg\" alt=\"Hanna &amp; Syp - Bettina &amp; Take\" width=\"150\" height=\"150\"\/><\/a><p id=\"caption-attachment-16889\" class=\"wp-caption-text\">Hanna &amp; Syp &#8211; Bettina &amp; Take<\/p><\/div>\n<div id=\"attachment_16888\" style=\"width: 160px\" class=\"wp-caption alignright\"><a href=\"http:\/\/www.mhm-muenster.de\/cms\/wp-content\/uploads\/2021\/06\/Lynn-Maya-scaled-e1624955599824.jpg\" rel=\"lightbox[17087]\"><img aria-describedby=\"caption-attachment-16888\" loading=\"lazy\" class=\"wp-image-16888 size-thumbnail\" src=\"http:\/\/www.mhm-muenster.de\/cms\/wp-content\/uploads\/2021\/06\/Lynn-Maya-150x150.jpg\" alt=\"Sarah &amp; Lynn - Kristina &amp; Maya\" width=\"150\" height=\"150\"\/><\/a><p id=\"caption-attachment-16888\" class=\"wp-caption-text\">Sarah &amp; Lynn &#8211; Kristina &amp; Maya<\/p><\/div>\n<div id=\"attachment_16887\" style=\"width: 160px\" class=\"wp-caption alignleft\"><a href=\"http:\/\/www.mhm-muenster.de\/cms\/wp-content\/uploads\/2021\/06\/Fiete-Kalle-scaled-e1624955593935.jpg\" rel=\"lightbox[17087]\"><img aria-describedby=\"caption-attachment-16887\" loading=\"lazy\" class=\"wp-image-16887 size-thumbnail\" src=\"http:\/\/www.mhm-muenster.de\/cms\/wp-content\/uploads\/2021\/06\/Fiete-Kalle-scaled-e1626255199923-150x150.jpg\" alt=\"Annette &amp; Fiete - Kim &amp; Kalle\" width=\"150\" height=\"150\"\/><\/a><p id=\"caption-attachment-16887\" class=\"wp-caption-text\">Annette &amp; Fiete &#8211; Kim &amp; Kalle<\/p><\/div>\n<div id=\"attachment_16884\" style=\"width: 160px\" class=\"wp-caption alignright\"><a href=\"http:\/\/www.mhm-muenster.de\/cms\/wp-content\/uploads\/2021\/06\/Seven-Stip-scaled-e1624955544151.jpg\" rel=\"lightbox[17087]\"><img aria-describedby=\"caption-attachment-16884\" loading=\"lazy\" class=\"wp-image-16884 size-thumbnail\" src=\"http:\/\/www.mhm-muenster.de\/cms\/wp-content\/uploads\/2021\/06\/Seven-Stip-150x150.jpg\" alt=\"Petra &amp; Seven - Sabine &amp; Stip\" width=\"150\" height=\"150\"\/><\/a><p id=\"caption-attachment-16884\" class=\"wp-caption-text\">Petra &amp; Seven &#8211; Sabine &amp; Stip<\/p><\/div>\n<div id=\"attachment_16886\" style=\"width: 160px\" class=\"wp-caption alignnone\"><a href=\"http:\/\/www.mhm-muenster.de\/cms\/wp-content\/uploads\/2021\/06\/Fia-Blake-scaled-e1624955586846.jpg\" rel=\"lightbox[17087]\"><img aria-describedby=\"caption-attachment-16886\" loading=\"lazy\" class=\"wp-image-16886 size-thumbnail\" src=\"http:\/\/www.mhm-muenster.de\/cms\/wp-content\/uploads\/2021\/06\/Fia-Blake-150x150.jpg\" alt=\"Steffen &amp; Blake - Rieke &amp; Fia\" width=\"150\" height=\"150\"\/><\/a><p id=\"caption-attachment-16886\" class=\"wp-caption-text\">Steffen &amp; Blake &#8211; Rieke &amp; Fia<\/p><\/div>\n<p><strong>Herzlichen Gl\u00fcckwunsch allen Teilnehmern<\/strong><\/p>\n","protected":false},"excerpt":{"rendered":"<p>Unsere Begleithundepr\u00fcfung konnte stattfinden. Wir hatten einen herrlichen sonnigen Tag, wirklich nette Starter bei uns und gut gelaunte Helfer, die auf alle W\u00fcnsche eingingen. \u00dcbertroffen hat das Ganze Monika B\u00fcning als Richterin&nbsp; mit ihrer klaren, sehr zugewandten und empathischen Art.&nbsp; Unsere Richterin bei der BH\/VT: Monika B\u00fcning, die kompetent, mit \u00dcbersicht und viel Einf\u00fchlungsverm\u00f6gen gerichtet [&hellip;]<\/p>\n","protected":false},"author":12,"featured_media":0,"parent":0,"menu_order":0,"comment_status":"closed","ping_status":"closed","template":"","meta":[],"_links":{"self":[{"href":"http:\/\/www.mhm-muenster.de\/cms\/index.php?rest_route=\/wp\/v2\/pages\/17087"}],"collection":[{"href":"http:\/\/www.mhm-muenster.de\/cms\/index.php?rest_route=\/wp\/v2\/pages"}],"about":[{"href":"http:\/\/www.mhm-muenster.de\/cms\/index.php?rest_route=\/wp\/v2\/types\/page"}],"author":[{"embeddable":true,"href":"http:\/\/www.mhm-muenster.de\/cms\/index.php?rest_route=\/wp\/v2\/users\/12"}],"replies":[{"embeddable":true,"href":"http:\/\/www.mhm-muenster.de\/cms\/index.php?rest_route=%2Fwp%2Fv2%2Fcomments&post=17087"}],"version-history":[{"count":4,"href":"http:\/\/www.mhm-muenster.de\/cms\/index.php?rest_route=\/wp\/v2\/pages\/17087\/revisions"}],"predecessor-version":[{"id":17093,"href":"http:\/\/www.mhm-muenster.de\/cms\/index.php?rest_route=\/wp\/v2\/pages\/17087\/revisions\/17093"}],"wp:attachment":[{"href":"http:\/\/www.mhm-muenster.de\/cms\/index.php?rest_route=%2Fwp%2Fv2%2Fmedia&parent=17087"}],"curies":[{"name":"wp","href":"https:\/\/api.w.org\/{rel}","templated":true}]}}