{"id":17361,"date":"2021-10-20T13:59:02","date_gmt":"2021-10-20T12:59:02","guid":{"rendered":"http:\/\/www.mhm-muenster.de\/cms\/?page_id=17361"},"modified":"2022-09-05T12:47:24","modified_gmt":"2022-09-05T11:47:24","slug":"eigene-veranstaltungen-2022","status":"publish","type":"page","link":"http:\/\/www.mhm-muenster.de\/cms\/?page_id=17361","title":{"rendered":"Eigene Veranstaltungen 2022"},"content":{"rendered":"<table border=\"0\">\n<tbody>\n<tr valign=\"top\">\n<td width=\"33%\">14. Mai 2022<\/td>\n<td width=\"33%\">Begleithundepr\u00fcfung, MHM<\/td>\n<td width=\"37%\">Richterin: M. B\u00fcning<\/td>\n<\/tr>\n<tr valign=\"top\">\n<td rowspan=\"3\"><a href=\"http:\/\/www.mhm-muenster.de\/cms\/wp-content\/uploads\/2021\/12\/64dec4d9-454b-4ad3-8474-044aef6112d3-1-e1639594614731.jpg\" rel=\"lightbox[17361]\"><span style=\"color: #1e1e1e;\"><img loading=\"lazy\" class=\"alignnone size-thumbnail wp-image-17460\" src=\"http:\/\/www.mhm-muenster.de\/cms\/wp-content\/uploads\/2021\/12\/64dec4d9-454b-4ad3-8474-044aef6112d3-1-150x150.jpg\" alt=\"\" width=\"150\" height=\"150\" \/><\/span><\/a><\/td>\n<td>Ansprechpartner<br \/>Bettina E &#8211; Schmidt<\/td>\n<td>0171 1958585<\/td>\n<\/tr>\n<tr valign=\"top\">\n<td>\u00a0<\/td>\n<td>\u00a0<\/td>\n<\/tr>\n<tr valign=\"top\">\n<td>\u00a0<\/td>\n<td>\u00a0<\/td>\n<\/tr>\n<tr valign=\"top\">\n<td>\u00a0<\/td>\n<td>\u00a0<\/td>\n<td>\u00a0<\/td>\n<\/tr>\n<tr valign=\"top\">\n<td colspan=\"3\"><a href=\"http:\/\/www.mhm-muenster.de\/cms\/wp-content\/uploads\/2022\/04\/BELCANDO_Sponsoren_Logo_Rahmen_2019_191202_MG.jpg\" rel=\"lightbox[17361]\"><span style=\"color: #1e1e1e;\"><img loading=\"lazy\" class=\"alignnone wp-image-17687\" src=\"http:\/\/www.mhm-muenster.de\/cms\/wp-content\/uploads\/2022\/04\/BELCANDO_Sponsoren_Logo_Rahmen_2019_191202_MG-400x264.jpg\" alt=\"\" width=\"150\" height=\"99\" srcset=\"http:\/\/www.mhm-muenster.de\/cms\/wp-content\/uploads\/2022\/04\/BELCANDO_Sponsoren_Logo_Rahmen_2019_191202_MG-400x264.jpg 400w, http:\/\/www.mhm-muenster.de\/cms\/wp-content\/uploads\/2022\/04\/BELCANDO_Sponsoren_Logo_Rahmen_2019_191202_MG-1024x675.jpg 1024w, http:\/\/www.mhm-muenster.de\/cms\/wp-content\/uploads\/2022\/04\/BELCANDO_Sponsoren_Logo_Rahmen_2019_191202_MG-768x506.jpg 768w, http:\/\/www.mhm-muenster.de\/cms\/wp-content\/uploads\/2022\/04\/BELCANDO_Sponsoren_Logo_Rahmen_2019_191202_MG.jpg 1259w\" sizes=\"(max-width: 150px) 100vw, 150px\" \/><\/span><\/a><\/td>\n<\/tr>\n<tr>\n<td>\u00a0<\/td>\n<td>\u00a0<\/td>\n<td>\u00a0<\/td>\n<\/tr>\n<tr>\n<td colspan=\"3\">\u00a0<\/td>\n<\/tr>\n<tr>\n<td colspan=\"3\"><hr \/><\/td>\n<\/tr>\n<tr valign=\"top\">\n<td width=\"33%\">15. Mai 2022<\/td>\n<td width=\"33%\">Hoopers-Turnier, MHM<\/td>\n<td width=\"37%\">Richterin: Katrin Werdin<\/td>\n<\/tr>\n<tr valign=\"top\">\n<td rowspan=\"3\"><a href=\"http:\/\/www.mhm-muenster.de\/cms\/wp-content\/uploads\/2021\/12\/94d6f8c9-88e4-4410-8d1d-c7c70e059988-e1639595811634.jpg\" rel=\"lightbox[17361]\"><span style=\"color: #1e1e1e;\"><img loading=\"lazy\" class=\"alignnone size-thumbnail wp-image-17477\" src=\"http:\/\/www.mhm-muenster.de\/cms\/wp-content\/uploads\/2021\/12\/94d6f8c9-88e4-4410-8d1d-c7c70e059988-e1639595913443-150x150.jpg\" alt=\"\" width=\"150\" height=\"150\" \/><\/span><\/a><\/td>\n<td>\u00a0<\/td>\n<td>\u00a0<\/td>\n<\/tr>\n<tr>\n<td>Barbara Lippe<\/td>\n<td>lippe.barbara@t-online.de<\/td>\n<\/tr>\n<tr>\n<td>\u00a0<\/td>\n<td>\u00a0<\/td>\n<\/tr>\n<tr>\n<td>\u00a0<\/td>\n<td>\u00a0<\/td>\n<td>\u00a0<\/td>\n<\/tr>\n<tr>\n<td colspan=\"3\"><a href=\"http:\/\/www.mhm-muenster.de\/cms\/wp-content\/uploads\/2022\/04\/BELCANDO_Sponsoren_Logo_Rahmen_2019_191202_MG.jpg\" rel=\"lightbox[17361]\"><span style=\"color: #1e1e1e;\"><img loading=\"lazy\" class=\"alignnone wp-image-17687\" src=\"http:\/\/www.mhm-muenster.de\/cms\/wp-content\/uploads\/2022\/04\/BELCANDO_Sponsoren_Logo_Rahmen_2019_191202_MG-400x264.jpg\" alt=\"\" width=\"150\" height=\"99\" srcset=\"http:\/\/www.mhm-muenster.de\/cms\/wp-content\/uploads\/2022\/04\/BELCANDO_Sponsoren_Logo_Rahmen_2019_191202_MG-400x264.jpg 400w, http:\/\/www.mhm-muenster.de\/cms\/wp-content\/uploads\/2022\/04\/BELCANDO_Sponsoren_Logo_Rahmen_2019_191202_MG-1024x675.jpg 1024w, http:\/\/www.mhm-muenster.de\/cms\/wp-content\/uploads\/2022\/04\/BELCANDO_Sponsoren_Logo_Rahmen_2019_191202_MG-768x506.jpg 768w, http:\/\/www.mhm-muenster.de\/cms\/wp-content\/uploads\/2022\/04\/BELCANDO_Sponsoren_Logo_Rahmen_2019_191202_MG.jpg 1259w\" sizes=\"(max-width: 150px) 100vw, 150px\" \/><\/span><\/a><\/td>\n<\/tr>\n<tr>\n<td>\u00a0<\/td>\n<td>\u00a0<\/td>\n<td>\u00a0<\/td>\n<\/tr>\n<tr>\n<td colspan=\"3\">\u00a0<\/td>\n<\/tr>\n<tr>\n<td colspan=\"3\"><hr \/><\/td>\n<\/tr>\n<tr valign=\"top\">\n<td width=\"33%\">21. Mai 2022<\/td>\n<td width=\"33%\">Agilityturnier, MHM<\/td>\n<td width=\"37%\">Richter: R. Asmann<\/td>\n<\/tr>\n<tr>\n<td rowspan=\"3\"><a href=\"http:\/\/www.mhm-muenster.de\/cms\/wp-content\/uploads\/2021\/12\/c71c5edc-b968-4379-9416-995e56ff21cd-e1639594608213.jpg\" rel=\"lightbox[17361]\"><span style=\"color: #1e1e1e;\"><img loading=\"lazy\" class=\"alignnone wp-image-17461 size-thumbnail\" src=\"http:\/\/www.mhm-muenster.de\/cms\/wp-content\/uploads\/2021\/12\/c71c5edc-b968-4379-9416-995e56ff21cd-e1639596455638-150x150.jpg\" alt=\"\" width=\"150\" height=\"150\" \/><\/span><\/a><\/td>\n<td>\u00a0<\/td>\n<td>\u00a0<\/td>\n<\/tr>\n<tr>\n<td>Ansprechpartner<br \/>Bettina E &#8211; Schmidt<\/td>\n<td>0171 1958585<\/td>\n<\/tr>\n<tr>\n<td>\u00a0<\/td>\n<td>\u00a0<\/td>\n<\/tr>\n<tr>\n<td>\u00a0<\/td>\n<td>\u00a0<\/td>\n<td>\u00a0<\/td>\n<\/tr>\n<tr>\n<td>\u00a0<\/td>\n<td>\u00a0<\/td>\n<td>\u00a0<\/td>\n<\/tr>\n<tr>\n<td colspan=\"3\">\u00a0<\/td>\n<\/tr>\n<tr>\n<td colspan=\"3\"><hr \/><\/td>\n<\/tr>\n<tr valign=\"top\">\n<td width=\"33%\">22. Mai 2022<\/td>\n<td width=\"33%\">Agilityturnier, MHM<\/td>\n<td width=\"37%\">Richter: D. Kuschnierz<\/td>\n<\/tr>\n<tr>\n<td rowspan=\"3\"><a href=\"http:\/\/www.mhm-muenster.de\/cms\/wp-content\/uploads\/2021\/11\/IMG_3528-scaled-e1635951668428.jpg\" rel=\"lightbox[17361]\"><span style=\"color: #1e1e1e;\"><img loading=\"lazy\" class=\"alignnone size-thumbnail wp-image-17416\" src=\"http:\/\/www.mhm-muenster.de\/cms\/wp-content\/uploads\/2021\/11\/IMG_3528-150x150.jpg\" alt=\"\" width=\"150\" height=\"150\" \/><\/span><\/a><\/td>\n<td>Mannschaftslauf M\u00fcnsterland CUP<\/td>\n<td>\u00a0<\/td>\n<\/tr>\n<tr>\n<td>Ansprechpartner<br \/>Bettina E &#8211; Schmidt<\/td>\n<td>0171 1958585<\/td>\n<\/tr>\n<tr>\n<td>\u00a0<\/td>\n<td>\u00a0<\/td>\n<\/tr>\n<tr>\n<td>\u00a0<\/td>\n<td>\u00a0<\/td>\n<td>\u00a0<\/td>\n<\/tr>\n<tr>\n<td>\u00a0<\/td>\n<td>\u00a0<\/td>\n<td>\u00a0<\/td>\n<\/tr>\n<tr>\n<td colspan=\"3\">\u00a0<\/td>\n<\/tr>\n<tr>\n<td colspan=\"3\"><hr \/><\/td>\n<\/tr>\n<tr valign=\"top\">\n<td width=\"33%\">13. August 2022<\/td>\n<td width=\"33%\">Rally Obedience, AgRo CUP Teil 1<\/td>\n<td width=\"37%\">Richterin:<br \/>A. Falk ROB, RO2,<br \/>G. B\u00fcchter RO 1, RO3<\/td>\n<\/tr>\n<tr valign=\"top\">\n<td rowspan=\"3\"><a href=\"http:\/\/www.mhm-muenster.de\/cms\/wp-content\/uploads\/2021\/12\/55c2e54f-4c60-4cf0-be47-6e3389bad7e8-e1639596307663.jpg\" rel=\"lightbox[17361]\"><span style=\"color: #1e1e1e;\"><img loading=\"lazy\" class=\"alignnone size-thumbnail wp-image-17483\" src=\"http:\/\/www.mhm-muenster.de\/cms\/wp-content\/uploads\/2021\/12\/55c2e54f-4c60-4cf0-be47-6e3389bad7e8-150x150.jpg\" alt=\"\" width=\"150\" height=\"150\" \/><\/span><\/a>\n<p>\u00a0<\/p>\n<p><a href=\"http:\/\/www.mhm-muenster.de\/cms\/wp-content\/uploads\/2022\/07\/Plakat-AgRo-August_v04_mit-gruenem-Rand-1.pdf\"><span style=\"color: #1e1e1e;\"><img loading=\"lazy\" class=\"alignnone size-thumbnail wp-image-17796\" src=\"http:\/\/www.mhm-muenster.de\/cms\/wp-content\/uploads\/2022\/07\/neu-plakat-agro-150x150.jpg\" alt=\"\" width=\"150\" height=\"150\" \/><\/span><\/a><\/p>\n<\/td>\n<td>\n<p>Ansprechpartner\/PL am Pr\u00fcfungstag<\/p>\n<p>Klara Engeler<\/p>\n<\/td>\n<td>\n<p><a href=\"mailto:klara.engeler@web.de\"><span style=\"color: #ff0000;\">klara.engeler@web.de<\/span><\/a><br \/>ab Freitagmittag sind wir f\u00fcr \u00c4nderungen und Fragen nur noch mobil zu erreichen*<\/p>\n<\/td>\n<\/tr>\n<tr valign=\"top\">\n<td>Meldestelle ab 7 Uhr<\/td>\n<td>* 0171 1958585<\/td>\n<\/tr>\n<tr valign=\"top\">\n<td>\n<p><a href=\"http:\/\/www.mhm-muenster.de\/cms\/wp-content\/uploads\/2022\/07\/Ablauf-ROT-AgRO-22.doc.pdf\"><span style=\"color: #1e1e1e;\">Ablauf ROT-Turnier <span style=\"color: #ff0000;\">hier<\/span><\/span><\/a><\/p>\n<p>Melden den ganzen Tag m\u00f6glich.<\/p>\n<p>Klasse 2 sp\u00e4testens bis 9:30 Uhr<\/p>\n<p>&#8212;&#8212;&#8212;&#8212;-<\/p>\n<p>Klasse 1 sp\u00e4testens bis 11 Uhr<\/p>\n<p>Klasse 3 sp\u00e4testens bis13 Uhr\u00a0<\/p>\n<p>\u00a0<\/p>\n<\/td>\n<td><a href=\"http:\/\/www.mhm-muenster.de\/cms\/?page_id=16075\"><span style=\"color: #1e1e1e;\">Regeln f\u00fcr die Kombi-Wertung im AgRo-Cup k\u00f6nnt ihr hier nachlesen.<\/span><\/a><\/td>\n<\/tr>\n<tr>\n<td valign=\"top\">\u00a0<\/td>\n<td colspan=\"2\">\n<p><span style=\"text-decoration: underline;\">Hei\u00dfes Wetter:<\/span> Das Turnier findet auf jeden Fall statt, bringt gerne Silberdecken\/- folien f\u00fcr Zelte und Autos mit. Wir werden versuchen, die Starterautos im Schatten zu parken, k\u00f6nnen aber nicht den ganzen Tag daf\u00fcr garantieren. (Sonne wandert) Badestellen f\u00fcr die Hunde werden eingerichtet.<\/p>\n<p><span style=\"text-decoration: underline;\">Verpflegung:<\/span> Bitte an der Meldestelle morgens die Essensbestellung f\u00fcr Mittags ausf\u00fcllen, um Wartezeiten zu vermeiden. Wir werden f\u00fcr jeden frische Wraps mit euren Wunschzutaten rollen. Auch f\u00fcr kalte Getr\u00e4nke und Eisvarianten ist gesorgt.<\/p>\n<p><span style=\"text-decoration: underline;\">Zelten:<\/span><span style=\"font-size: inherit; font-family: inherit; font-weight: inherit;\">\u00a0Ihr k\u00f6nnt, wenn ihr wollt, am Freitag ab 17 Uhr euer Zelt am Parcoursrand aufbauen.<\/span><\/p>\n<p><span style=\"text-decoration: underline;\">Kontakt:<\/span> Bei Notf\u00e4llen (z.B. Stau am Turniertag) meldet euch bitte bei einer der Nummern 01711958585 oder 01633418679.<\/p>\n<\/td>\n<\/tr>\n<tr>\n<td>\u00a0<\/td>\n<td>\u00a0<\/td>\n<td>\u00a0<\/td>\n<\/tr>\n<tr>\n<td colspan=\"3\"><a href=\"http:\/\/www.mhm-muenster.de\/cms\/wp-content\/uploads\/2022\/09\/2022-09-04-at-14.02.40.jpeg\" rel=\"lightbox[17361]\">Ergebnisse: Kombi-Wertung des Agro-Cups<\/a><\/td>\n<\/tr>\n<tr>\n<td colspan=\"3\"><hr \/><\/td>\n<\/tr>\n<tr valign=\"top\">\n<td width=\"33%\">14. August 2022<\/td>\n<td width=\"33%\">Agilityturnier, AgRo CUP Teil 2<\/td>\n<td width=\"37%\">Richterin: M. Richartz<\/td>\n<\/tr>\n<tr valign=\"top\">\n<td rowspan=\"3\"><a href=\"http:\/\/www.mhm-muenster.de\/cms\/wp-content\/uploads\/2021\/12\/IMG_7186-1.jpg\" rel=\"lightbox[17361]\"><span style=\"color: #1e1e1e;\"><img loading=\"lazy\" class=\"alignnone size-thumbnail wp-image-17457\" src=\"http:\/\/www.mhm-muenster.de\/cms\/wp-content\/uploads\/2021\/12\/IMG_7186-1-150x150.jpg\" alt=\"\" width=\"150\" height=\"150\" \/><\/span><\/a>\n<p>\u00a0<\/p>\n<p><a href=\"http:\/\/www.mhm-muenster.de\/cms\/wp-content\/uploads\/2022\/07\/Plakat-AgRo-August_v04_mit-gruenem-Rand-1.pdf\"><span style=\"color: #1e1e1e;\"><img loading=\"lazy\" class=\"alignnone size-thumbnail wp-image-17796\" src=\"http:\/\/www.mhm-muenster.de\/cms\/wp-content\/uploads\/2022\/07\/neu-plakat-agro-150x150.jpg\" alt=\"\" width=\"150\" height=\"150\" \/><\/span><\/a><\/p>\n<\/td>\n<td>Ansprechpartner<br \/>Bettina E &#8211; Schmidt<\/td>\n<td>0171 1958585<\/td>\n<\/tr>\n<tr valign=\"top\">\n<td><a href=\"http:\/\/www.mhm-muenster.de\/cms\/wp-content\/uploads\/2022\/08\/Ablauf-14-08-22.pdf\">Ablaufplan des Turniers<\/a>\n<p>\u00a0<\/p>\n<p>A0<br \/>A1<br \/>Senioren<br \/>A2<br \/>A3<\/p>\n<p>JP0<br \/>JP1<br \/>JP Sen<br \/>JP2<br \/>JP3<\/p>\n<\/td>\n<td>\u00a0<\/td>\n<\/tr>\n<tr valign=\"top\">\n<td>Pr\u00fcfungsleitung<\/td>\n<td>Karin Gerhardus<\/td>\n<\/tr>\n<tr valign=\"top\">\n<td>\u00a0<\/td>\n<td>\u00a0<\/td>\n<td>\u00a0<\/td>\n<\/tr>\n<tr>\n<td>\u00a0<\/td>\n<td>\u00a0<\/td>\n<td>\u00a0<\/td>\n<\/tr>\n<tr>\n<td colspan=\"3\">\u00a0<\/td>\n<\/tr>\n<tr>\n<td colspan=\"3\"><hr \/><\/td>\n<\/tr>\n<tr valign=\"top\">\n<td width=\"33%\">22. Oktober<\/td>\n<td width=\"33%\">Begleithundepr\u00fcfung, MHM<\/td>\n<td width=\"37%\"><span style=\"color: #ff0000;\">Richterin:<\/span><br \/><span style=\"color: #ff0000;\">MONIKA B\u00dcNING<\/span><\/td>\n<\/tr>\n<tr>\n<td rowspan=\"3\"><a href=\"http:\/\/www.mhm-muenster.de\/cms\/wp-content\/uploads\/2022\/07\/IMG_9278-1-scaled-e1658136562912.jpg\" rel=\"lightbox[17361]\"><span style=\"color: #1e1e1e;\"><img loading=\"lazy\" class=\"alignnone wp-image-17812 size-thumbnail\" src=\"http:\/\/www.mhm-muenster.de\/cms\/wp-content\/uploads\/2022\/07\/IMG_9278-1-150x150.jpg\" alt=\"\" width=\"150\" height=\"150\" \/><\/span><\/a><\/td>\n<td>Ansprechpartner:<br \/>Bettina E &#8211; Schmidt<\/td>\n<td>\n<p>0171 1958585\u00a0<\/p>\n<p><a href=\"mailto:bengel-mhm@t-online.de\">bengel-mhm@t-online.de<\/a><\/p>\n<\/td>\n<\/tr>\n<tr>\n<td>\n<p>Melden ab sofort m\u00f6glich<\/p>\n<p><a href=\"https:\/\/www.dvg-hundesport.de\/file\/8a8181e220844e17012084f5cd7f0088.de.0\/03-ag_04-1_agility-meldeformular_2019.pdf\"><span style=\"color: #1e1e1e;\">Meldeformular<\/span><\/a><\/p>\n<\/td>\n<td>\u00a0<\/td>\n<\/tr>\n<tr>\n<td>\u00a0<\/td>\n<td>\u00a0<\/td>\n<\/tr>\n<tr>\n<td>\u00a0<\/td>\n<td>\u00a0<\/td>\n<td>\u00a0<\/td>\n<\/tr>\n<tr>\n<td>\u00a0<\/td>\n<td>\u00a0<\/td>\n<td>\u00a0<\/td>\n<\/tr>\n<tr>\n<td colspan=\"3\">\u00a0<\/td>\n<\/tr>\n<tr>\n<td colspan=\"3\"><hr \/><\/td>\n<\/tr>\n<tr valign=\"top\">\n<td width=\"33%\">23. Oktober<\/td>\n<td width=\"33%\">Hoopers-Turnier, MHM<\/td>\n<td width=\"37%\">Richterin: Sandra Knips<\/td>\n<\/tr>\n<tr>\n<td rowspan=\"3\"><a href=\"http:\/\/www.mhm-muenster.de\/cms\/wp-content\/uploads\/2022\/07\/IMG_0229-scaled-e1658136461507.jpg\" rel=\"lightbox[17361]\"><span style=\"color: #1e1e1e;\"><img loading=\"lazy\" class=\"alignnone wp-image-17811 size-thumbnail\" src=\"http:\/\/www.mhm-muenster.de\/cms\/wp-content\/uploads\/2022\/07\/IMG_0229-150x150.jpg\" alt=\"\" width=\"150\" height=\"150\" \/><\/span><\/a><\/td>\n<td>Melden \u00fcber <a href=\"https:\/\/www.webmelden.de\">www.webmelden.de<\/a><\/td>\n<td>\u00a0<\/td>\n<\/tr>\n<tr>\n<td>Klassen: H1, H2, H3<\/td>\n<td>\u00a0<\/td>\n<\/tr>\n<tr>\n<td>\n<p>Ansprechpartner: Barbara Lippe<\/p>\n<p><a href=\"mailto:lippe.barbara@t-online.de\">lippe.barbara@t-online.de<\/a><\/p>\n<p>\u00a0<\/p>\n<\/td>\n<td>\u00a0<\/td>\n<\/tr>\n<tr>\n<td>\u00a0<\/td>\n<td>\u00a0<\/td>\n<td>\u00a0<\/td>\n<\/tr>\n<tr>\n<td>\u00a0<\/td>\n<td>\u00a0<\/td>\n<td>\u00a0<\/td>\n<\/tr>\n<tr>\n<td colspan=\"3\">\u00a0<\/td>\n<\/tr>\n<tr>\n<td colspan=\"3\"><hr \/><\/td>\n<\/tr>\n<\/tbody>\n<\/table>\n<p>Veranstaltungen der Vorjahre finden sich <a href=\"http:\/\/www.mhm-muenster.de\/cms\/?page_id=15746\">hier<\/a><\/p>\n\n\n<p><\/p>\n","protected":false},"excerpt":{"rendered":"<p>14. Mai 2022 Begleithundepr\u00fcfung, MHM Richterin: M. B\u00fcning AnsprechpartnerBettina E &#8211; Schmidt 0171 1958585 \u00a0 \u00a0 \u00a0 \u00a0 \u00a0 \u00a0 \u00a0 \u00a0 \u00a0 \u00a0 \u00a0 15. Mai 2022 Hoopers-Turnier, MHM Richterin: Katrin Werdin \u00a0 \u00a0 Barbara Lippe lippe.barbara@t-online.de \u00a0 \u00a0 \u00a0 \u00a0 \u00a0 \u00a0 \u00a0 \u00a0 \u00a0 21. Mai 2022 Agilityturnier, MHM Richter: R. Asmann [&hellip;]<\/p>\n","protected":false},"author":12,"featured_media":0,"parent":0,"menu_order":0,"comment_status":"closed","ping_status":"closed","template":"","meta":[],"_links":{"self":[{"href":"http:\/\/www.mhm-muenster.de\/cms\/index.php?rest_route=\/wp\/v2\/pages\/17361"}],"collection":[{"href":"http:\/\/www.mhm-muenster.de\/cms\/index.php?rest_route=\/wp\/v2\/pages"}],"about":[{"href":"http:\/\/www.mhm-muenster.de\/cms\/index.php?rest_route=\/wp\/v2\/types\/page"}],"author":[{"embeddable":true,"href":"http:\/\/www.mhm-muenster.de\/cms\/index.php?rest_route=\/wp\/v2\/users\/12"}],"replies":[{"embeddable":true,"href":"http:\/\/www.mhm-muenster.de\/cms\/index.php?rest_route=%2Fwp%2Fv2%2Fcomments&post=17361"}],"version-history":[{"count":56,"href":"http:\/\/www.mhm-muenster.de\/cms\/index.php?rest_route=\/wp\/v2\/pages\/17361\/revisions"}],"predecessor-version":[{"id":18073,"href":"http:\/\/www.mhm-muenster.de\/cms\/index.php?rest_route=\/wp\/v2\/pages\/17361\/revisions\/18073"}],"wp:attachment":[{"href":"http:\/\/www.mhm-muenster.de\/cms\/index.php?rest_route=%2Fwp%2Fv2%2Fmedia&parent=17361"}],"curies":[{"name":"wp","href":"https:\/\/api.w.org\/{rel}","templated":true}]}}