{"id":3711,"date":"2010-01-28T13:29:55","date_gmt":"2010-01-28T12:29:55","guid":{"rendered":"http:\/\/mhm-muenster.de\/cms\/?page_id=3711"},"modified":"2025-08-20T18:56:05","modified_gmt":"2025-08-20T17:56:05","slug":"tab-trainerausbildung-2010-2011","status":"publish","type":"page","link":"http:\/\/www.mhm-muenster.de\/cms\/?page_id=3711","title":{"rendered":"TAB &#8211; TrainerAusBildung"},"content":{"rendered":"<p><strong>2023:<\/strong><\/p>\n<p>Anna M\u00f6ller hat ihr Traineramt wieder aufgenommen<\/p>\n<p>Stine We\u00dfel hat ihr letztes Seminar besucht<\/p>\n<p>Kirsten Kismann wurde auf der JHV MHM &#8211; 2023 ihr Trainerschein ausgeh\u00e4ndigt<\/p>\n<p><strong>Folgende Mitglieder befinden sich zurzeit in der Trainerausbildung<\/strong><\/p>\n<p>Cornelia Wilberg (Basis, Welpen\/Junghunde)<\/p>\n<p>Claudia Tutino (Basis, THS)<\/p>\n<p>Luzie Z. (Basis, Agility)<\/p>\n<p><strong>2022:<\/strong><\/p>\n<p><strong>Neue Trainer beim MHM<\/strong><\/p>\n<p><a href=\"http:\/\/www.mhm-muenster.de\/cms\/wp-content\/uploads\/2022\/11\/IMG_2178-scaled.jpg\" rel=\"lightbox[3711]\"><img loading=\"lazy\" class=\"alignnone wp-image-18226 size-thumbnail\" src=\"http:\/\/www.mhm-muenster.de\/cms\/wp-content\/uploads\/2022\/11\/IMG_2178-150x150.jpg\" alt=\"\" width=\"150\" height=\"150\" \/><\/a><\/p>\n<p>Auf der MV konnten wir neue Trainer f\u00fcr die Sparten Sparten Rally Obedience, Basis und Hoopers begr\u00fc\u00dfen<\/p>\n<p><strong>2021:<\/strong><\/p>\n<p><strong>Ab sofort stehen uns als Trainerassistenten zur Verf\u00fcgung<\/strong>:<\/p>\n<p>Tomke Brauwer<br \/>\nKirsten Gismann<br \/>\nStine We\u00dfel<br \/>\nJulia Kadenbach<br \/>\nKristina H\u00fcttner<\/p>\n<p><strong>2013:<\/strong><\/p>\n<p>Desiree Dauber &#8211; <strong>Trainerausbildung im DVG beendet<\/strong> (leider nun Aufenthalt im Ausland)<\/p>\n<p><strong>\u00a0<\/strong><\/p>\n<p><a href=\"http:\/\/mhm-muenster.de\/cms\/?page_id=133\" target=\"_self\" rel=\"noopener noreferrer\">Zur TAB 2007 + 2008<\/a><\/p>\n","protected":false},"excerpt":{"rendered":"<p>2023: Anna M\u00f6ller hat ihr Traineramt wieder aufgenommen Stine We\u00dfel hat ihr letztes Seminar besucht Kirsten Kismann wurde auf der JHV MHM &#8211; 2023 ihr Trainerschein ausgeh\u00e4ndigt Folgende Mitglieder befinden sich zurzeit in der Trainerausbildung Cornelia Wilberg (Basis, Welpen\/Junghunde) Claudia Tutino (Basis, THS) Luzie Z. (Basis, Agility) 2022: Neue Trainer beim MHM Auf der MV [&hellip;]<\/p>\n","protected":false},"author":2,"featured_media":0,"parent":0,"menu_order":0,"comment_status":"open","ping_status":"open","template":"","meta":[],"_links":{"self":[{"href":"http:\/\/www.mhm-muenster.de\/cms\/index.php?rest_route=\/wp\/v2\/pages\/3711"}],"collection":[{"href":"http:\/\/www.mhm-muenster.de\/cms\/index.php?rest_route=\/wp\/v2\/pages"}],"about":[{"href":"http:\/\/www.mhm-muenster.de\/cms\/index.php?rest_route=\/wp\/v2\/types\/page"}],"author":[{"embeddable":true,"href":"http:\/\/www.mhm-muenster.de\/cms\/index.php?rest_route=\/wp\/v2\/users\/2"}],"replies":[{"embeddable":true,"href":"http:\/\/www.mhm-muenster.de\/cms\/index.php?rest_route=%2Fwp%2Fv2%2Fcomments&post=3711"}],"version-history":[{"count":22,"href":"http:\/\/www.mhm-muenster.de\/cms\/index.php?rest_route=\/wp\/v2\/pages\/3711\/revisions"}],"predecessor-version":[{"id":20011,"href":"http:\/\/www.mhm-muenster.de\/cms\/index.php?rest_route=\/wp\/v2\/pages\/3711\/revisions\/20011"}],"wp:attachment":[{"href":"http:\/\/www.mhm-muenster.de\/cms\/index.php?rest_route=%2Fwp%2Fv2%2Fmedia&parent=3711"}],"curies":[{"name":"wp","href":"https:\/\/api.w.org\/{rel}","templated":true}]}}