{"id":43,"date":"2007-12-12T15:46:06","date_gmt":"2007-12-12T14:46:06","guid":{"rendered":"http:\/\/mhm-muenster.de\/cms\/?page_id=43"},"modified":"2025-12-30T16:13:24","modified_gmt":"2025-12-30T15:13:24","slug":"erziehungskurs","status":"publish","type":"page","link":"http:\/\/www.mhm-muenster.de\/cms\/?page_id=43","title":{"rendered":"F\u00f6rder &#8211; und Teilnahmem\u00f6glichkeiten"},"content":{"rendered":"<div>\u00a0<strong>F\u00f6rdermitgliedschaft Pr\u00e4getage \u2013 Hundealter ab 8 Wochen<\/strong>:<\/div>\n<p>Unsere Arbeit im Bereich Pr\u00e4getage kann durch eine F\u00f6rdermitgliedschaft (Laufzeit ab einem Monat = Mindestf\u00f6rderung 20 \u20ac) unterst\u00fctzt werden.<\/p>\n<p>Als F\u00f6rdermitglied Pr\u00e4getage (FP) besteht die Berechtigung an den Welpen\u2013 und Junghundetreffen teilzunehmen.<\/p>\n<p><strong>F\u00f6rdermitgliedschaft Grundausbildung \u2013 Hundealter ab ca. 24 Wochen:\u00a0<\/strong><\/p>\n<div><strong><span style=\"color: #ff0000;\">Gehorsamsblock\u00a0 ab Januar 2026:<br \/>\n<\/span><\/strong><strong><span style=\"color: #ff0000;\"><a href=\"http:\/\/www.mhm-muenster.de\/cms\/wp-content\/uploads\/2025\/12\/FG-ab-Januar-26-1.pdf\">Anmeldeformular hier f\u00fcr den Block ab Januar 2026<\/a><\/span><\/strong><\/div>\n<div><\/div>\n<div>Unsere Arbeit im Bereich Grundausbildung kann ebenfalls durch eine F\u00f6rdermitgliedschaft unterst\u00fctzt werden (Laufzeit 3 Monate = Mindestf\u00f6rderung 120 \u20ac).<\/p>\n<\/div>\n<p>Als F\u00f6rdermitglied Grunderziehung (FG) besteht die Berechtigung an den Junghundetreffen und den Erziehungsangeboten im Bereich der Grundausbildung teilzunehmen.<\/p>\n<p>Bei Fragen zur hundegerechten Gruppeneinteilung und Konditionen ist gerne unsere Ausbildungswartin Frau Bettina Engelhardt-Schmidt, Tel.: 0171-195 85 85 behilflich.<\/p>\n<p>Die Teilnahme an unseren Angeboten im Bereich Pr\u00e4getage und Grundausbildung besteht ferner f\u00fcr Vereins- und Probemitglieder. Diesen stehen neben den Angeboten im Bereich Pr\u00e4getage und Grundausbildung weitere Angebote zur Verf\u00fcgung:<\/p>\n<ul>\n<li>Rally Obedience<\/li>\n<li>Longieren<\/li>\n<li>Trick Dog<\/li>\n<li>F\u00f6rderung der Teams bis zur Begleithundereife<\/li>\n<li>Gruppenstunden zur Festigung des Gelernten<\/li>\n<li>\u00dcbungen zur Sozialvertr\u00e4glichkeit<\/li>\n<li>Teambildung Mensch &amp; Hund<\/li>\n<li>Hoopers<\/li>\n<li>Agility<\/li>\n<li>Leichtathletik mit Hund (THS)<\/li>\n<\/ul>\n<p>F\u00f6rdermitglieder haben nat\u00fcrlich die Berechtigung an Mitgliederversammlungen des Vereins teilzunehmen.<\/p>\n<p>Durch Ihre\/Eure F\u00f6rdermitgliedschaft wird der Verein Mensch &amp; Hund im M\u00fcnsterland e.V. bei der Umsetzung seiner satzungsm\u00e4\u00dfigen Vereinsziele unterst\u00fctzt. Die Mittel helfen dem Verein und unseren ehrenamtlichen Trainern, die f\u00fcr die Arbeit erforderlichen Hilfsmittel und Trainingsger\u00e4te etc. bereitzustellen.<\/p>\n","protected":false},"excerpt":{"rendered":"<p>\u00a0F\u00f6rdermitgliedschaft Pr\u00e4getage \u2013 Hundealter ab 8 Wochen: Unsere Arbeit im Bereich Pr\u00e4getage kann durch eine F\u00f6rdermitgliedschaft (Laufzeit ab einem Monat = Mindestf\u00f6rderung 20 \u20ac) unterst\u00fctzt werden. Als F\u00f6rdermitglied Pr\u00e4getage (FP) besteht die Berechtigung an den Welpen\u2013 und Junghundetreffen teilzunehmen. F\u00f6rdermitgliedschaft Grundausbildung \u2013 Hundealter ab ca. 24 Wochen:\u00a0 Gehorsamsblock\u00a0 ab Januar 2026: Anmeldeformular hier f\u00fcr den [&hellip;]<\/p>\n","protected":false},"author":1,"featured_media":0,"parent":0,"menu_order":0,"comment_status":"open","ping_status":"open","template":"","meta":[],"_links":{"self":[{"href":"http:\/\/www.mhm-muenster.de\/cms\/index.php?rest_route=\/wp\/v2\/pages\/43"}],"collection":[{"href":"http:\/\/www.mhm-muenster.de\/cms\/index.php?rest_route=\/wp\/v2\/pages"}],"about":[{"href":"http:\/\/www.mhm-muenster.de\/cms\/index.php?rest_route=\/wp\/v2\/types\/page"}],"author":[{"embeddable":true,"href":"http:\/\/www.mhm-muenster.de\/cms\/index.php?rest_route=\/wp\/v2\/users\/1"}],"replies":[{"embeddable":true,"href":"http:\/\/www.mhm-muenster.de\/cms\/index.php?rest_route=%2Fwp%2Fv2%2Fcomments&post=43"}],"version-history":[{"count":160,"href":"http:\/\/www.mhm-muenster.de\/cms\/index.php?rest_route=\/wp\/v2\/pages\/43\/revisions"}],"predecessor-version":[{"id":20104,"href":"http:\/\/www.mhm-muenster.de\/cms\/index.php?rest_route=\/wp\/v2\/pages\/43\/revisions\/20104"}],"wp:attachment":[{"href":"http:\/\/www.mhm-muenster.de\/cms\/index.php?rest_route=%2Fwp%2Fv2%2Fmedia&parent=43"}],"curies":[{"name":"wp","href":"https:\/\/api.w.org\/{rel}","templated":true}]}}