{"id":50,"date":"2007-12-12T15:48:13","date_gmt":"2007-12-12T14:48:13","guid":{"rendered":"http:\/\/mhm-muenster.de\/cms\/?page_id=50"},"modified":"2022-08-12T10:22:59","modified_gmt":"2022-08-12T09:22:59","slug":"anfahrt","status":"publish","type":"page","link":"http:\/\/www.mhm-muenster.de\/cms\/?page_id=50","title":{"rendered":"Anfahrt"},"content":{"rendered":"<p><span style=\"color: #8000ff;\"><strong><span style=\"color: #008000;\">Der gemeinn\u00fctzige Verein Mensch &amp; Hund im M\u00fcnsterland e. V. hat nun ein vor\u00fcbergehendes neues Zuhause<\/span>:<\/strong><\/span><\/p>\n<p><span style=\"color: #008000;\"><strong>Hessenweg 2\/Ecke Schifffahrter Damm<\/strong><\/span><\/p>\n<p><span style=\"color: #8000ff;\"><strong>auf der\u00a0Platzanlage des \u00a0ADRK: <a href=\"http:\/\/www.mhm-muenster.de\/cms\/wp-content\/uploads\/2014\/11\/WEGBESCHREIBUNG.pdf\">Wegbeschreibung als PDF<\/a><\/strong><\/span><\/p>\n<p><strong><span style=\"color: #8000ff;\">\u00a0ACHTUNG: Am Wochenende (13.\/14. August) ist die B\u200a51 zwischen Warendorfer Stra\u00dfe und Wolbecker Stra\u00dfe komplett f\u00fcr den Verkehr gesperrt. Wer \u00fcber die B51 anreisen will, muss also ab der Abfahrt\u00a0 Wolbecker Stra\u00dfe \u00fcber die Mondstra\u00dfe fahren. Auf der R\u00fcckfahrt dann \u00fcber den Ring.\u00a0<\/span><\/strong><\/p>\n<p><a href=\"https:\/\/www.wn.de\/muenster\/umgehungsstrasse-b-51-sperrung-muenster-2611514\">Meldung der Lokalpresse zur Sperrung<\/a><\/p>\n<p><span style=\"color: #8000ff;\">Buslinie 7, Haltestelle Hessenbusch<\/span><\/p>\n","protected":false},"excerpt":{"rendered":"<p>Der gemeinn\u00fctzige Verein Mensch &amp; Hund im M\u00fcnsterland e. V. hat nun ein vor\u00fcbergehendes neues Zuhause: Hessenweg 2\/Ecke Schifffahrter Damm auf der\u00a0Platzanlage des \u00a0ADRK: Wegbeschreibung als PDF \u00a0ACHTUNG: Am Wochenende (13.\/14. August) ist die B\u200a51 zwischen Warendorfer Stra\u00dfe und Wolbecker Stra\u00dfe komplett f\u00fcr den Verkehr gesperrt. Wer \u00fcber die B51 anreisen will, muss also ab [&hellip;]<\/p>\n","protected":false},"author":1,"featured_media":0,"parent":0,"menu_order":0,"comment_status":"open","ping_status":"open","template":"","meta":[],"_links":{"self":[{"href":"http:\/\/www.mhm-muenster.de\/cms\/index.php?rest_route=\/wp\/v2\/pages\/50"}],"collection":[{"href":"http:\/\/www.mhm-muenster.de\/cms\/index.php?rest_route=\/wp\/v2\/pages"}],"about":[{"href":"http:\/\/www.mhm-muenster.de\/cms\/index.php?rest_route=\/wp\/v2\/types\/page"}],"author":[{"embeddable":true,"href":"http:\/\/www.mhm-muenster.de\/cms\/index.php?rest_route=\/wp\/v2\/users\/1"}],"replies":[{"embeddable":true,"href":"http:\/\/www.mhm-muenster.de\/cms\/index.php?rest_route=%2Fwp%2Fv2%2Fcomments&post=50"}],"version-history":[{"count":17,"href":"http:\/\/www.mhm-muenster.de\/cms\/index.php?rest_route=\/wp\/v2\/pages\/50\/revisions"}],"predecessor-version":[{"id":17898,"href":"http:\/\/www.mhm-muenster.de\/cms\/index.php?rest_route=\/wp\/v2\/pages\/50\/revisions\/17898"}],"wp:attachment":[{"href":"http:\/\/www.mhm-muenster.de\/cms\/index.php?rest_route=%2Fwp%2Fv2%2Fmedia&parent=50"}],"curies":[{"name":"wp","href":"https:\/\/api.w.org\/{rel}","templated":true}]}}