{"id":63,"date":"2007-12-20T19:57:54","date_gmt":"2007-12-20T18:57:54","guid":{"rendered":"http:\/\/mhm-muenster.de\/cms\/?page_id=63"},"modified":"2014-08-07T14:50:54","modified_gmt":"2014-08-07T13:50:54","slug":"mona-rump","status":"publish","type":"page","link":"http:\/\/www.mhm-muenster.de\/cms\/?page_id=63","title":{"rendered":"Mona Rump"},"content":{"rendered":"<p><img title=\"rump.jpg\" src=\"http:\/\/mhm-muenster.de\/cms\/wp-content\/gallery\/trainer-mhm\/rump.jpg\" alt=\"rump.jpg\" \/><\/p>\n<p><strong>Name:<\/strong> Mona Rump, <strong>Alter:<\/strong> 45, <strong>Mitglied<\/strong> seit: 2002<\/p>\n<p><strong>Hund Jason<\/strong> 8(<span style=\"font-family: 'Wingdings 2';\"><span>\u0085<\/span><\/span>), Rh. Ridgeback<\/p>\n<p>Turniererfolge Agility I, Obedience\u00a0Beginner, VK I<\/p>\n<p><strong>Hund Bakari<\/strong> (7), Rh. Ridgeback<\/p>\n<p>Begleithundepr\u00fcfung, Agility III, Obedience Klasse II, mit anderen Hundef\u00fchrern THS &#8211; CSC<\/p>\n<p><strong>Hund Pepsi <\/strong>(2 Jahre), Border Collie<\/p>\n<p>Erfolge: Begleithundepr\u00fcfung, Agility 3, Obedience Quali f\u00fcr die\u00a0 O II, GL 5km mit F. Br\u00fcckner<\/p>\n<p><span style=\"text-decoration: underline;\">T\u00e4tigkeit im Verein:<\/span><\/p>\n<p>2. Vorsitzende<\/p>\n<p>Trainerin aushilfsweise f\u00fcr Agility, Basisausbildung und Obedience, Welpen &amp; Junghunde<\/p>\n<p>Trainerin TRICK DOG<\/p>\n<p><span style=\"text-decoration: underline;\">Qualifikationen:<\/span><\/p>\n<p>Trainerschein DVG (VDH) in den Bereichen: Agility, Obedience, Basis<\/p>\n<p>Ringsteward seit 2005<\/p>\n<p><strong>Fortbildung:<\/strong> Welpenspiel nach E. Lind, Motivation<\/p>\n<p><strong>Agilityseminare:<\/strong> E.Vervoort, H.-G. Hertrich, Hinky Nickels, S. Trkmann, T. van de Laar, Rinke, D. Schr\u00f6der<\/p>\n<p><strong>Obedience: <\/strong>Brigitte Lau, John van Hemert, Ines Hofeditz, Yvonne Keeve, A. Schmid<\/p>\n<p><strong>Clickertraining:<\/strong> B. Laser<\/p>\n<p><strong>Dog Dancing:<\/strong> Nicole Weber, Denise Nardelli<\/p>\n<p>&#8220; Der Hundesport im Verein ben\u00f6tigt aktive Mitglieder, die \u00fcber ihr Engagement als Multiplikatoren f\u00fcr andere dienen, damit die F\u00f6rderung des Vereins eine dauerhafte und sinnvolle Besch\u00e4ftigung des Hundes sicherstellt. Daf\u00fcr setze ich mich seit den Anf\u00e4ngen des Vereins nach meinen Erfahrungen und zeitlichen M\u00f6glichkeiten ein. &#8220;<\/p>\n<p>Mona unterst\u00fctzt die \u00dcbungsstunden als Co-Trainerin und springt immer da ein, wo es brennt. Wir haben ihr sehr viel zu verdanken, denn durch ihr breit gef\u00e4chertes Wissen kann sie \u00fcberall behilflich sein. Ihr vorbildliches Verhalten ist f\u00fcr Hundef\u00fchrer und\u00a0Trainer immer wieder\u00a0Orientierungshilfe.<\/p>\n","protected":false},"excerpt":{"rendered":"<p>Name: Mona Rump, Alter: 45, Mitglied seit: 2002 Hund Jason 8(\u0085), Rh. Ridgeback Turniererfolge Agility I, Obedience\u00a0Beginner, VK I Hund Bakari (7), Rh. Ridgeback Begleithundepr\u00fcfung, Agility III, Obedience Klasse II, mit anderen Hundef\u00fchrern THS &#8211; CSC Hund Pepsi (2 Jahre), Border Collie Erfolge: Begleithundepr\u00fcfung, Agility 3, Obedience Quali f\u00fcr die\u00a0 O II, GL 5km mit [&hellip;]<\/p>\n","protected":false},"author":1,"featured_media":0,"parent":0,"menu_order":0,"comment_status":"open","ping_status":"open","template":"","meta":[],"_links":{"self":[{"href":"http:\/\/www.mhm-muenster.de\/cms\/index.php?rest_route=\/wp\/v2\/pages\/63"}],"collection":[{"href":"http:\/\/www.mhm-muenster.de\/cms\/index.php?rest_route=\/wp\/v2\/pages"}],"about":[{"href":"http:\/\/www.mhm-muenster.de\/cms\/index.php?rest_route=\/wp\/v2\/types\/page"}],"author":[{"embeddable":true,"href":"http:\/\/www.mhm-muenster.de\/cms\/index.php?rest_route=\/wp\/v2\/users\/1"}],"replies":[{"embeddable":true,"href":"http:\/\/www.mhm-muenster.de\/cms\/index.php?rest_route=%2Fwp%2Fv2%2Fcomments&post=63"}],"version-history":[{"count":8,"href":"http:\/\/www.mhm-muenster.de\/cms\/index.php?rest_route=\/wp\/v2\/pages\/63\/revisions"}],"predecessor-version":[{"id":532,"href":"http:\/\/www.mhm-muenster.de\/cms\/index.php?rest_route=\/wp\/v2\/pages\/63\/revisions\/532"}],"wp:attachment":[{"href":"http:\/\/www.mhm-muenster.de\/cms\/index.php?rest_route=%2Fwp%2Fv2%2Fmedia&parent=63"}],"curies":[{"name":"wp","href":"https:\/\/api.w.org\/{rel}","templated":true}]}}