{"id":67,"date":"2007-12-20T19:58:34","date_gmt":"2007-12-20T18:58:34","guid":{"rendered":"http:\/\/mhm-muenster.de\/cms\/?page_id=67"},"modified":"2022-09-05T05:13:28","modified_gmt":"2022-09-05T04:13:28","slug":"bettina-engelhardt-schmid","status":"publish","type":"page","link":"http:\/\/www.mhm-muenster.de\/cms\/?page_id=67","title":{"rendered":"Bettina Engelhardt-Schmidt"},"content":{"rendered":"<p><img title=\"schmidt.jpg\" src=\"http:\/\/mhm-muenster.de\/cms\/wp-content\/gallery\/trainer-mhm\/schmidt.jpg\" alt=\"schmidt.jpg\" \/><\/p>\n<p><strong>Name: Bettina Engelhardt-Schmidt<\/strong><\/p>\n<p><strong>Vereinsmitglied seit: 2002 (DVG seit 1999)<\/strong><\/p>\n<p><strong>Trainert\u00e4tigkeit seit:1997<\/strong><\/p>\n<p>Hunde:<\/p>\n<p><strong>Take<\/strong>, Border Collie 3 Jahre<br \/>\nBegleithundepr\u00fcfung,<br \/>\nAgility A1<br \/>\nRally Obedience Klasse 2\u00a0 (Quali f\u00fcr Klasse 3)<br \/>\nHoopers Klasse 1,<br \/>\n<strong>Pixie,<\/strong> Border Collie, 6 Jahre<br \/>\nBegleithundepr\u00fcfung, Obedience O I, (Quali f\u00fcr Klasse 2)<br \/>\nGel\u00e4ndelauf 2 + 5\u00a0 km Teilnahme BSP 2019<br \/>\nAgility A3 (Teilnahme Landesmeisterschaften seit 2019,<br \/>\nRally Obedience Klasse 3\u00a0 &#8211; Teilnahme Landesmeisterschaften<br \/>\nHoopers Klasse 1, (Quali f\u00fcr die Klasse 2)<br \/>\n<strong>Duffy<\/strong>, Border Collie, 7 Jahre<br \/>\nBegleithundepr\u00fcfung, Obedience O I, (Quali f\u00fcr Klasse 2)<br \/>\nGel\u00e4ndelauf 2\u00a0 km<br \/>\nAgility A3 (Teilnahme Landesmeisterschaften seit 2018,\u00a0 BSP 2019\u00a0 Platz 5<br \/>\nRally Obedience Klasse 3\u00a0 &#8211; Teilnahme Landesmeisterschaften<br \/>\nHoopers Klasse 2<br \/>\n<strong>Marrlu,<\/strong> Border Collie, 9,5 &#8211;<br \/>\nBegleithundepr\u00fcfung, Obedience O II, (Quali f\u00fcr Klasse 3)<br \/>\nGel\u00e4ndelauf 1 + 2 + 5\u00a0\u00a0km &#8211; Teilnahme und Platzierungen LV und BSP<br \/>\nAgility A3 (Teilnahme Landesmeisterschaften seit 2015, BSP seit\u00a0 2016, VDH DM seit 2016, Teilnahme German Classics)<br \/>\nRally Obedience Klasse 3\u00a0 &#8211; Teilnahme Landesmeisterschaften<br \/>\nHoopers Klasse 2 (Quali f\u00fcr H3)<br \/>\n<strong>Murphy,<\/strong> Mali-Mix\u00a011,5 Jahre &#8211;\u00a0 Obedience III G,\u00a0THS &#8211; GL 5 + 2 Km, VK II, Agility 3 (Teilnahme Landesmeisterschaft, BSP, VDH DM, Europameisterschaft 2014)<br \/>\n<strong>Rasta,<\/strong> DSH\u00a0(gest. 2013 mit 13,5 Jahre) &#8211; \u00a0Agility 1, Obedience I, Gel\u00e4ndel\u00e4ufe 2 und\u00a05 Km<br \/>\n<strong>Ben,<\/strong> Labrador (gest. 2007 mit 12,5 Jahren), Agility 2, Obedience II, VK I<\/p>\n<p><strong><span style=\"text-decoration: underline;\">T\u00e4tigkeit im Verein:<\/span><\/strong><\/p>\n<p>verantwortlich als Ausbildungswartin f\u00fcr die \u00dcbungsstunden im inhaltlichen und logistischen Bereich, sowie die Ausbildung neuer Trainer. Priorit\u00e4t: Teambildung Mensch &amp; Hund, Ausbildung zur Pr\u00fcfungsreife<\/p>\n<p><span style=\"text-decoration: underline;\"><strong>T\u00e4tigkeit in der Kreisgruppe Hamm:<\/strong><\/span><\/p>\n<p><strong>Obfrau f\u00fcr Agility (OFA)\u00a0<\/strong><\/p>\n<p>Obfrau f\u00fcr Jugend (OFJ) in einzelnen Jahren<\/p>\n<p>Obfrau f\u00fcr Obedience (komm. OFO) in einzelnen Jahren<\/p>\n<p>Obfrau f\u00fcr T&#8217;HS (komm. OFT) in einzelnen Jahren<\/p>\n<p><strong><span style=\"text-decoration: underline;\">Qualifikationen:<\/span><\/strong><\/p>\n<p>Trainerschein DVG (VDH) f\u00fcr: Agility, THS, Obedience, Welpen- und Junghunde, Basis, VPG<\/p>\n<p>Ausbilderin VDH Hundef\u00fchrerschein<\/p>\n<p>Ringsteward Obedience<\/p>\n<p><strong>Aktuelle Trainer Agility:<\/strong><\/p>\n<p>Daniel Schr\u00f6der, Max Sprinz<\/p>\n<p><strong><span style=\"text-decoration: underline;\">Seminare:<br \/>\n<\/span><\/strong>Ekard Lind<br \/>\nAgility: Emilieo Vervoort, H.-G. Hertrich, Hinky Nickels, Diana Domokos, Ilona Rinke, Daniel Schr\u00f6der, Anne Lenz, Mona Grefenstein<br \/>\nObedience: John v. Hemert, Yvonne Keeve\/Ines Hofeditz, Angela Schmid, Uwe Wehner<br \/>\nTHS: Martin Schlockermann, A. Heidinger<\/p>\n<p><strong>Clickertraining:<\/strong> B. Laser<\/p>\n<p><strong>Dog Dancing:<\/strong> Nicole Weber, Denise Nardelli<\/p>\n","protected":false},"excerpt":{"rendered":"<p>Name: Bettina Engelhardt-Schmidt Vereinsmitglied seit: 2002 (DVG seit 1999) Trainert\u00e4tigkeit seit:1997 Hunde: Take, Border Collie 3 Jahre Begleithundepr\u00fcfung, Agility A1 Rally Obedience Klasse 2\u00a0 (Quali f\u00fcr Klasse 3) Hoopers Klasse 1, Pixie, Border Collie, 6 Jahre Begleithundepr\u00fcfung, Obedience O I, (Quali f\u00fcr Klasse 2) Gel\u00e4ndelauf 2 + 5\u00a0 km Teilnahme BSP 2019 Agility A3 (Teilnahme [&hellip;]<\/p>\n","protected":false},"author":1,"featured_media":0,"parent":0,"menu_order":0,"comment_status":"open","ping_status":"open","template":"","meta":[],"_links":{"self":[{"href":"http:\/\/www.mhm-muenster.de\/cms\/index.php?rest_route=\/wp\/v2\/pages\/67"}],"collection":[{"href":"http:\/\/www.mhm-muenster.de\/cms\/index.php?rest_route=\/wp\/v2\/pages"}],"about":[{"href":"http:\/\/www.mhm-muenster.de\/cms\/index.php?rest_route=\/wp\/v2\/types\/page"}],"author":[{"embeddable":true,"href":"http:\/\/www.mhm-muenster.de\/cms\/index.php?rest_route=\/wp\/v2\/users\/1"}],"replies":[{"embeddable":true,"href":"http:\/\/www.mhm-muenster.de\/cms\/index.php?rest_route=%2Fwp%2Fv2%2Fcomments&post=67"}],"version-history":[{"count":25,"href":"http:\/\/www.mhm-muenster.de\/cms\/index.php?rest_route=\/wp\/v2\/pages\/67\/revisions"}],"predecessor-version":[{"id":17946,"href":"http:\/\/www.mhm-muenster.de\/cms\/index.php?rest_route=\/wp\/v2\/pages\/67\/revisions\/17946"}],"wp:attachment":[{"href":"http:\/\/www.mhm-muenster.de\/cms\/index.php?rest_route=%2Fwp%2Fv2%2Fmedia&parent=67"}],"curies":[{"name":"wp","href":"https:\/\/api.w.org\/{rel}","templated":true}]}}