{"id":741,"date":"2008-10-29T14:31:18","date_gmt":"2008-10-29T12:31:18","guid":{"rendered":"http:\/\/mhm-muenster.de\/cms\/?page_id=741"},"modified":"2021-06-07T08:02:43","modified_gmt":"2021-06-07T07:02:43","slug":"komi-kurs","status":"publish","type":"page","link":"http:\/\/www.mhm-muenster.de\/cms\/?page_id=741","title":{"rendered":"DIES und DAS"},"content":{"rendered":"<div><\/div>\n<div>\u00a0<a href=\"http:\/\/mhm-muenster.de\/cms\/?page_id=1700\" target=\"_self\" rel=\"noopener noreferrer\">Welpen Galerie<\/a> \u2013 <a href=\"http:\/\/mhm-muenster.de\/cms\/?page_id=1719\" target=\"_self\" rel=\"noopener noreferrer\">Junghunde Galerie<\/a><\/div>\n<p><strong>Welpenpr\u00e4getage<\/strong><\/p>\n<p><strong>F\u00fcr die Hunde:<\/strong><br \/>\nUmweltger\u00e4usche<br \/>\nBalance\u00fcbungen<br \/>\nSoziales Verhalten<br \/>\nBewegte Gegenst\u00e4nde<br \/>\nVerschiedene Bodenuntergr\u00fcnde<br \/>\nBezugs\u00fcbungen<br \/>\nBindungsaufbau<br \/>\nFell-, Ohren- und Zahnpflege<br \/>\nErste Gehorsams\u00fcbungen<\/p>\n<p><strong>F\u00fcr die Hundebesitzer, die ganze Familie, Dogsitter:<\/strong><br \/>\nBezugs\u00fcbungen<br \/>\nBindungsaufbau<br \/>\nTipps zur Ern\u00e4hrung<br \/>\nTipps zur Reinlichkeitserziehung<br \/>\nTipps zur Auslastung<br \/>\nHilfe bei \u201eproblematischen\u201c Hunden<br \/>\nL\u00f6sungsvorschl\u00e4ge in schwierigen<br \/>\nEntwicklungsphasen<br \/>\nKommandos wie Sitz, Platz, Stehkonditionieren<\/p>\n<p><strong>Von:<\/strong><\/p>\n<p><strong>VDH- Welpentrainern (Verbandsschulungen des DVG)<br \/>\nVDH-Hundef\u00fchrerscheinausbildern<\/strong><\/p>\n<p><strong>Anschlie\u00dfend weiterf\u00fchrendes Junghundetraining ab ca. 5-6 Monaten. Danach Angebote zur Grunderziehung und Weiterf\u00fchrung der Spiel- und Lerntreffen der Junghunde.<\/strong><br \/>\nBei Interesse Anschluss als Mitglied an den Verein MHM e. V.<br \/>\nHier werden dann Wissen und K\u00f6nnen vertieft und viele Freizeitangebote f\u00fcr und mit dem Hund durchgef\u00fchrt. Die M\u00f6glichkeit, eine Begleithundepr\u00fcfung zu absolvieren, ist bei Eintritt in den Verein gegeben. Der Hundesport wird als Hobby in den Bereichen Agility, Obedience, Rally Obedience und THS = Leichtathletik mit Hund angeboten.<\/p>\n<p><a href=\"http:\/\/www.mhm-muenster.de\/cms\/?page_id=16601\">Fotos vom Welpentraining 2021<\/a><\/p>\n<p><a href=\"http:\/\/www.mhm-muenster.de\/cms\/?page_id=6886\">\u00c4ltere Fotos von der Menschengew\u00f6hnung<\/a><\/p>\n","protected":false},"excerpt":{"rendered":"<p>\u00a0Welpen Galerie \u2013 Junghunde Galerie Welpenpr\u00e4getage F\u00fcr die Hunde: Umweltger\u00e4usche Balance\u00fcbungen Soziales Verhalten Bewegte Gegenst\u00e4nde Verschiedene Bodenuntergr\u00fcnde Bezugs\u00fcbungen Bindungsaufbau Fell-, Ohren- und Zahnpflege Erste Gehorsams\u00fcbungen F\u00fcr die Hundebesitzer, die ganze Familie, Dogsitter: Bezugs\u00fcbungen Bindungsaufbau Tipps zur Ern\u00e4hrung Tipps zur Reinlichkeitserziehung Tipps zur Auslastung Hilfe bei \u201eproblematischen\u201c Hunden L\u00f6sungsvorschl\u00e4ge in schwierigen Entwicklungsphasen Kommandos wie Sitz, Platz, [&hellip;]<\/p>\n","protected":false},"author":6,"featured_media":0,"parent":0,"menu_order":0,"comment_status":"open","ping_status":"open","template":"","meta":[],"_links":{"self":[{"href":"http:\/\/www.mhm-muenster.de\/cms\/index.php?rest_route=\/wp\/v2\/pages\/741"}],"collection":[{"href":"http:\/\/www.mhm-muenster.de\/cms\/index.php?rest_route=\/wp\/v2\/pages"}],"about":[{"href":"http:\/\/www.mhm-muenster.de\/cms\/index.php?rest_route=\/wp\/v2\/types\/page"}],"author":[{"embeddable":true,"href":"http:\/\/www.mhm-muenster.de\/cms\/index.php?rest_route=\/wp\/v2\/users\/6"}],"replies":[{"embeddable":true,"href":"http:\/\/www.mhm-muenster.de\/cms\/index.php?rest_route=%2Fwp%2Fv2%2Fcomments&post=741"}],"version-history":[{"count":17,"href":"http:\/\/www.mhm-muenster.de\/cms\/index.php?rest_route=\/wp\/v2\/pages\/741\/revisions"}],"predecessor-version":[{"id":16846,"href":"http:\/\/www.mhm-muenster.de\/cms\/index.php?rest_route=\/wp\/v2\/pages\/741\/revisions\/16846"}],"wp:attachment":[{"href":"http:\/\/www.mhm-muenster.de\/cms\/index.php?rest_route=%2Fwp%2Fv2%2Fmedia&parent=741"}],"curies":[{"name":"wp","href":"https:\/\/api.w.org\/{rel}","templated":true}]}}