{"id":750,"date":"2008-10-29T15:18:30","date_gmt":"2008-10-29T13:18:30","guid":{"rendered":"http:\/\/mhm-muenster.de\/cms\/?page_id=750"},"modified":"2009-11-10T09:06:24","modified_gmt":"2009-11-10T08:06:24","slug":"termine-2009","status":"publish","type":"page","link":"http:\/\/www.mhm-muenster.de\/cms\/?page_id=750","title":{"rendered":"Termine 2009"},"content":{"rendered":"<p><strong>05. Januar<\/strong> Nachtwanderung, MHM<\/p>\n<p><strong>07. Januar<\/strong> offizieller Trainingsbeginn\/Besprechung f\u00fcr Begleithundeteams (Interessenten Fr\u00fchjahr 2009)<\/p>\n<p><span style=\"color: #008000;\"><strong>11. Januar<\/strong> L\u00e4ufercup (2) in Marl Frentrop<\/span><\/p>\n<p><strong>18. Januar<\/strong> Dog Trophy Agilitylauf, Halle M\u00fcnsterland<\/p>\n<p><span style=\"text-decoration: underline;\"><strong>25. Januar<\/strong> JHV KG Hamm<\/span><\/p>\n<p><span style=\"color: #008000;\"><strong>08. Februar<\/strong> L\u00e4ufercup (3), Finale in Recklinghausen<\/span><\/p>\n<p><strong>14. Februar <\/strong>Agilityturnier, Reithalle Sendenhorst &#8211; MHM,\u00a0Richterin: Kirsten Brox<\/p>\n<p><span style=\"text-decoration: underline;\"><strong>15. Februar<\/strong> JHV LV Westfalen<\/span><\/p>\n<p><strong>15. M\u00e4rz<\/strong> Interne Leistungskontrolle, MHM<\/p>\n<p><strong>19. M\u00e4rz<\/strong> Elternnachmittag, MHM<\/p>\n<p><span style=\"text-decoration: underline;\"><strong>27. M\u00e4rz<\/strong> JHV MHM Bauerncafe Schulze &#8211; Relau Beginn 20:00Uhr<\/span><\/p>\n<p><span style=\"text-decoration: underline;\"><strong>29. M\u00e4rz<\/strong> JHV DVG, Hemer<\/span><\/p>\n<p><strong>18. April<\/strong>\u00a0Begleithundepr\u00fcfung MHM, Richterin Kirsten Brox<\/p>\n<p><span style=\"color: #008000;\"><strong>19. April<\/strong> THS KREISTURNIER, Richterin Monika Steier, Richter Andreas Erdner<\/span><\/p>\n<p><strong><\/strong><strong>01. Mai<\/strong> LV Jugendsportfest in Bochum Engelsburg<\/p>\n<p><span style=\"color: #ff0000;\"><strong>10. Mai<\/strong> LV Agility, Dortmund &#8211; Wickede &#8211; Asseln<\/span><\/p>\n<p><span style=\"color: #0000ff;\"><strong>24. Mai<\/strong> LV Obedience in Marl Frentrop<\/span><\/p>\n<p><strong>30. Mai &#8211; 1. Juni<\/strong> LV Jugendszeltlager<\/p>\n<p><span style=\"color: #008000;\"><strong>13.\/14. Juni<\/strong> LV THS in Recklinghausen<\/span><\/p>\n<p><span style=\"color: #ff0000;\"><strong>20.\/21. Juni<\/strong> BSP Agility, Regensburg<\/span><\/p>\n<p><strong>27. Juni<\/strong>\u00a0Obediencepr\u00fcfung MHM, Piet van de Meulengraaf &#8211; noch ein paar Pl\u00e4tze frei<\/p>\n<p><strong>28. Juni<\/strong>\u00a0Obediencepr\u00fcfung MHM, Piet van de Meulengraaf &#8211; noch ein paar Pl\u00e4tze frei<\/p>\n<p><strong>29. Juni<\/strong> Besprechung f\u00fcr Begleithundeteams (Interessenten Herbst 2009)<\/p>\n<p><span style=\"color: #0000ff;\"><strong>04.\/05. Juli<\/strong> BSP Obedience<\/span><\/p>\n<p><span style=\"color: #008000;\"><strong>25.\/26. Juli<\/strong> BSP THS in Weeze<\/span><\/p>\n<p><span style=\"color: #ff0000;\"><strong>25.\/26. Juli<\/strong> European Open<\/span><\/p>\n<p><strong><\/strong><strong>08.\/09. August<\/strong> Dt. Jugendmeisterschaft DVG, Urexweiler<\/p>\n<p><span style=\"color: #0000ff;\"><strong>15.\/16. August<\/strong> VDH DM\/DJM und Quali zur FCI WM Obedience beim HSV Diessen (BLV)<\/span><\/p>\n<p><span style=\"color: #008000;\">05<\/span><span style=\"color: #008000;\">.\/06. September\u00a0dhv DM THS in N\u00fcrnberg<\/span><\/p>\n<p><span style=\"color: #ff0000;\"><strong>12.\/13. September<\/strong> dhv DM Agility in Lussheim<\/span><\/p>\n<p><span style=\"color: #008000;\"><span style=\"color: #000000;\">19. September Begleithundepr\u00fcfung MHM, Richter: Robert Asmann<\/span><\/span><\/p>\n<p><span style=\"color: #008000;\"><span style=\"color: #000000;\">20. September Obedience &#8211; Kreismeisterschaft KG Hamm<\/span><\/span><\/p>\n<p><span style=\"color: #008000;\"><span style=\"color: #000000;\">3. Oktober Agilityturnier MHM, Richter: H. &#8211; G. Hertrich<\/span><\/span><\/p>\n<p><span style=\"color: #008000;\"><span style=\"color: #000000;\">4. Oktober Agilityturnier MHM, Richter: R. Asmann<\/span><\/span><\/p>\n<p><span style=\"color: #008000;\"><strong>10.\/11.Oktober<\/strong>\u00a0 VDH DM THS, Westerland &#8211; Sylt<\/span><\/p>\n<p><strong>5. November MV MHM, Sandruper Baum &#8211; Sprakel<\/strong><\/p>\n<p><span><span style=\"color: #ff0000;\"><strong>29. November<\/strong>\u00a0VDH DM Agility (Termin\u00e4nderung) in K\u00f6ln<\/span><\/span><\/p>\n<p><span style=\"color: #008000;\"><strong>29. November L\u00e4ufercup (1) 2009_2010 Dortmund &#8211; Wickede &#8211;\u00a0 Asseln<\/strong><\/span><\/p>\n<p><strong>13. Dezember,<\/strong> Treffpunkt 12:30 Uhr, Handorf &#8211; Wersepark\/Sch\u00f6ne Aussichten &#8211; Dyckburgstra\u00dfe 468<\/p>\n","protected":false},"excerpt":{"rendered":"<p>05. Januar Nachtwanderung, MHM 07. Januar offizieller Trainingsbeginn\/Besprechung f\u00fcr Begleithundeteams (Interessenten Fr\u00fchjahr 2009) 11. Januar L\u00e4ufercup (2) in Marl Frentrop 18. Januar Dog Trophy Agilitylauf, Halle M\u00fcnsterland 25. Januar JHV KG Hamm 08. Februar L\u00e4ufercup (3), Finale in Recklinghausen 14. Februar Agilityturnier, Reithalle Sendenhorst &#8211; MHM,\u00a0Richterin: Kirsten Brox 15. Februar JHV LV Westfalen 15. M\u00e4rz [&hellip;]<\/p>\n","protected":false},"author":6,"featured_media":0,"parent":0,"menu_order":0,"comment_status":"open","ping_status":"open","template":"","meta":[],"_links":{"self":[{"href":"http:\/\/www.mhm-muenster.de\/cms\/index.php?rest_route=\/wp\/v2\/pages\/750"}],"collection":[{"href":"http:\/\/www.mhm-muenster.de\/cms\/index.php?rest_route=\/wp\/v2\/pages"}],"about":[{"href":"http:\/\/www.mhm-muenster.de\/cms\/index.php?rest_route=\/wp\/v2\/types\/page"}],"author":[{"embeddable":true,"href":"http:\/\/www.mhm-muenster.de\/cms\/index.php?rest_route=\/wp\/v2\/users\/6"}],"replies":[{"embeddable":true,"href":"http:\/\/www.mhm-muenster.de\/cms\/index.php?rest_route=%2Fwp%2Fv2%2Fcomments&post=750"}],"version-history":[{"count":51,"href":"http:\/\/www.mhm-muenster.de\/cms\/index.php?rest_route=\/wp\/v2\/pages\/750\/revisions"}],"predecessor-version":[{"id":1078,"href":"http:\/\/www.mhm-muenster.de\/cms\/index.php?rest_route=\/wp\/v2\/pages\/750\/revisions\/1078"}],"wp:attachment":[{"href":"http:\/\/www.mhm-muenster.de\/cms\/index.php?rest_route=%2Fwp%2Fv2%2Fmedia&parent=750"}],"curies":[{"name":"wp","href":"https:\/\/api.w.org\/{rel}","templated":true}]}}